{"id":123262,"date":"2021-08-11T16:50:59","date_gmt":"2021-08-11T13:50:59","guid":{"rendered":"http:\/\/dev.tactic.net\/tuote\/pogo-skumhopper\/"},"modified":"2023-04-17T09:51:20","modified_gmt":"2023-04-17T06:51:20","slug":"pogo-skumhopper","status":"archive","type":"product","link":"https:\/\/games.tactic.net\/da\/tuote\/pogo-skumhopper\/","title":{"rendered":"Pogo skumhopper"},"content":{"rendered":"<p>Er du klar til en hoppekamp? De bl\u00f8de pogo skumhoppere er lige s\u00e5 hurtige som dit barn, men det bl\u00f8de materiale g\u00f8r legen sikker s\u00e5vel inde som ude.<\/p>\n","protected":false},"excerpt":{"rendered":"<p>Er du klar til en hoppekamp? De bl\u00f8de pogo skumhoppere er lige s\u00e5 hurtige som dit barn, men det bl\u00f8de materiale g\u00f8r legen sikker s\u00e5vel inde som ude.<\/p>\n","protected":false},"featured_media":0,"template":"","meta":{"content-type":"","_monsterinsights_skip_tracking":false,"_monsterinsights_sitenote_active":false,"_monsterinsights_sitenote_note":"","_monsterinsights_sitenote_category":0},"product_brand":[],"product_cat":[1629,1630],"product_tag":[1201,1250,1229,1002],"brand":[],"target-group":[],"discontinued":[],"class_list":{"0":"post-123262","1":"product","2":"type-product","3":"status-archive","5":"product_cat-soft-active-play-udendoers-spil","6":"product_cat-soft-active-play-bornespil","7":"product_tag-alene","8":"product_tag-faerdighed-da","9":"product_tag-hastighed-da","10":"product_tag-held","12":"first","13":"outofstock","14":"taxable","15":"shipping-taxable","16":"product-type-simple"},"aioseo_notices":[],"_links":{"self":[{"href":"https:\/\/games.tactic.net\/da\/wp-json\/wp\/v2\/product\/123262","targetHints":{"allow":["GET"]}}],"collection":[{"href":"https:\/\/games.tactic.net\/da\/wp-json\/wp\/v2\/product"}],"about":[{"href":"https:\/\/games.tactic.net\/da\/wp-json\/wp\/v2\/types\/product"}],"wp:attachment":[{"href":"https:\/\/games.tactic.net\/da\/wp-json\/wp\/v2\/media?parent=123262"}],"wp:term":[{"taxonomy":"product_brand","embeddable":true,"href":"https:\/\/games.tactic.net\/da\/wp-json\/wp\/v2\/product_brand?post=123262"},{"taxonomy":"product_cat","embeddable":true,"href":"https:\/\/games.tactic.net\/da\/wp-json\/wp\/v2\/product_cat?post=123262"},{"taxonomy":"product_tag","embeddable":true,"href":"https:\/\/games.tactic.net\/da\/wp-json\/wp\/v2\/product_tag?post=123262"},{"taxonomy":"brand","embeddable":true,"href":"https:\/\/games.tactic.net\/da\/wp-json\/wp\/v2\/brand?post=123262"},{"taxonomy":"target-group","embeddable":true,"href":"https:\/\/games.tactic.net\/da\/wp-json\/wp\/v2\/target-group?post=123262"},{"taxonomy":"discontinued","embeddable":true,"href":"https:\/\/games.tactic.net\/da\/wp-json\/wp\/v2\/discontinued?post=123262"}],"curies":[{"name":"wp","href":"https:\/\/api.w.org\/{rel}","templated":true}]}}