{"id":123205,"date":"2021-08-11T16:44:44","date_gmt":"2021-08-11T13:44:44","guid":{"rendered":"http:\/\/dev.tactic.net\/tuote\/hvad-ved-du-om-danmark-junior-rejsespil\/"},"modified":"2023-10-17T19:08:16","modified_gmt":"2023-10-17T16:08:16","slug":"hvad-ved-du-om-danmark-junior-rejsespil","status":"publish","type":"product","link":"https:\/\/games.tactic.net\/da\/tuote\/hvad-ved-du-om-danmark-junior-rejsespil\/","title":{"rendered":"Tactic Hvad ved du om Danmark Junior rejsespil"},"content":{"rendered":"<p>Dette junior triviaspil indeholder herlige sp\u00f8rgsm\u00e5l fra b\u00f8rnenes verden samt specielle billedkort.<\/p>\n","protected":false},"excerpt":{"rendered":"<p>Det trivia junior spil indeholder herlige sp\u00f8rgsm\u00e5l fra b\u00f8rnenes verden samt specielle billedkort.<\/p>\n","protected":false},"featured_media":0,"template":"","meta":{"content-type":"","_monsterinsights_skip_tracking":false,"_monsterinsights_sitenote_active":false,"_monsterinsights_sitenote_note":"","_monsterinsights_sitenote_category":0},"product_brand":[],"product_cat":[1585],"product_tag":[1256,1198],"brand":[],"target-group":[],"discontinued":[],"class_list":{"0":"post-123205","1":"product","2":"type-product","3":"status-publish","5":"product_cat-rejsespil-familiespil","6":"product_tag-paedagogisk-da","7":"product_tag-viden","9":"first","10":"instock","11":"taxable","12":"shipping-taxable","13":"product-type-simple"},"aioseo_notices":[],"_links":{"self":[{"href":"https:\/\/games.tactic.net\/da\/wp-json\/wp\/v2\/product\/123205","targetHints":{"allow":["GET"]}}],"collection":[{"href":"https:\/\/games.tactic.net\/da\/wp-json\/wp\/v2\/product"}],"about":[{"href":"https:\/\/games.tactic.net\/da\/wp-json\/wp\/v2\/types\/product"}],"wp:attachment":[{"href":"https:\/\/games.tactic.net\/da\/wp-json\/wp\/v2\/media?parent=123205"}],"wp:term":[{"taxonomy":"product_brand","embeddable":true,"href":"https:\/\/games.tactic.net\/da\/wp-json\/wp\/v2\/product_brand?post=123205"},{"taxonomy":"product_cat","embeddable":true,"href":"https:\/\/games.tactic.net\/da\/wp-json\/wp\/v2\/product_cat?post=123205"},{"taxonomy":"product_tag","embeddable":true,"href":"https:\/\/games.tactic.net\/da\/wp-json\/wp\/v2\/product_tag?post=123205"},{"taxonomy":"brand","embeddable":true,"href":"https:\/\/games.tactic.net\/da\/wp-json\/wp\/v2\/brand?post=123205"},{"taxonomy":"target-group","embeddable":true,"href":"https:\/\/games.tactic.net\/da\/wp-json\/wp\/v2\/target-group?post=123205"},{"taxonomy":"discontinued","embeddable":true,"href":"https:\/\/games.tactic.net\/da\/wp-json\/wp\/v2\/discontinued?post=123205"}],"curies":[{"name":"wp","href":"https:\/\/api.w.org\/{rel}","templated":true}]}}