{"id":123145,"date":"2021-08-11T16:34:34","date_gmt":"2021-08-11T13:34:34","guid":{"rendered":"http:\/\/dev.tactic.net\/tuote\/aeselspillet\/"},"modified":"2023-09-27T12:25:48","modified_gmt":"2023-09-27T09:25:48","slug":"aeselspillet","status":"publish","type":"product","link":"https:\/\/games.tactic.net\/da\/tuote\/aeselspillet\/","title":{"rendered":"Tactic \u00c6selspillet rejsespil"},"content":{"rendered":"<p>Pr\u00f8v at slippe af med alle dine kort ved at l\u00e6gge dem i bunker rundt om spillepladen. Hvis du misser chancen til at f\u00e5 lagt et kort, f\u00e5r du et straffekort. Sidder du stadig med straffekortet, n\u00e5r du har lagt dine andre kort, er du ude af spillet.<\/p>\n","protected":false},"excerpt":{"rendered":"<p>Pr\u00f8v at slippe af med alle dine kort ved at l\u00e6gge dem i bunker rundt om spillepladen. Hvis du misser chancen til at f\u00e5 lagt et kort, f\u00e5r du et straffekort. Sidder du stadig med straffekortet, n\u00e5r du har lagt dine andre kort, er du ude af spillet.<\/p>\n","protected":false},"featured_media":0,"template":"","meta":{"content-type":"","_monsterinsights_skip_tracking":false,"_monsterinsights_sitenote_active":false,"_monsterinsights_sitenote_note":"","_monsterinsights_sitenote_category":0},"product_brand":[],"product_cat":[1584],"product_tag":[1229],"brand":[],"target-group":[],"discontinued":[],"class_list":{"0":"post-123145","1":"product","2":"type-product","3":"status-publish","5":"product_cat-rejsespil-bornespil","6":"product_tag-hastighed-da","8":"first","9":"instock","10":"taxable","11":"shipping-taxable","12":"product-type-simple"},"aioseo_notices":[],"_links":{"self":[{"href":"https:\/\/games.tactic.net\/da\/wp-json\/wp\/v2\/product\/123145","targetHints":{"allow":["GET"]}}],"collection":[{"href":"https:\/\/games.tactic.net\/da\/wp-json\/wp\/v2\/product"}],"about":[{"href":"https:\/\/games.tactic.net\/da\/wp-json\/wp\/v2\/types\/product"}],"wp:attachment":[{"href":"https:\/\/games.tactic.net\/da\/wp-json\/wp\/v2\/media?parent=123145"}],"wp:term":[{"taxonomy":"product_brand","embeddable":true,"href":"https:\/\/games.tactic.net\/da\/wp-json\/wp\/v2\/product_brand?post=123145"},{"taxonomy":"product_cat","embeddable":true,"href":"https:\/\/games.tactic.net\/da\/wp-json\/wp\/v2\/product_cat?post=123145"},{"taxonomy":"product_tag","embeddable":true,"href":"https:\/\/games.tactic.net\/da\/wp-json\/wp\/v2\/product_tag?post=123145"},{"taxonomy":"brand","embeddable":true,"href":"https:\/\/games.tactic.net\/da\/wp-json\/wp\/v2\/brand?post=123145"},{"taxonomy":"target-group","embeddable":true,"href":"https:\/\/games.tactic.net\/da\/wp-json\/wp\/v2\/target-group?post=123145"},{"taxonomy":"discontinued","embeddable":true,"href":"https:\/\/games.tactic.net\/da\/wp-json\/wp\/v2\/discontinued?post=123145"}],"curies":[{"name":"wp","href":"https:\/\/api.w.org\/{rel}","templated":true}]}}