{"id":123100,"date":"2021-08-11T16:31:49","date_gmt":"2021-08-11T13:31:49","guid":{"rendered":"http:\/\/dev.tactic.net\/tuote\/stigespil-rejsespil\/"},"modified":"2023-10-17T19:08:24","modified_gmt":"2023-10-17T16:08:24","slug":"stigespil-rejsespil","status":"publish","type":"product","link":"https:\/\/games.tactic.net\/da\/tuote\/stigespil-rejsespil\/","title":{"rendered":"Tactic Stigespil rejsespil"},"content":{"rendered":"<p>Tag ikke afsted p\u00e5 sommerferie uden det perfekte spil. I denne familiefavorit skal spillerne r\u00e6se mod m\u00e5l ved at kaste terningen og klatre op ad stigerne. Du kan let f\u00e5 et forspring, men pas p\u00e5! for visse stiger sender dig tilbage igen.<\/p>\n","protected":false},"excerpt":{"rendered":"<p>Tag ikke afsted p\u00e5 sommerferie uden det perfekte spil. I denne familiefavorit skal spillerne r\u00e6se mod m\u00e5l ved at kaste terningen og klatre op ad stigerne. Du kan let f\u00e5 et forspring, men pas p\u00e5! for visse stiger sender dig tilbage igen.<\/p>\n","protected":false},"featured_media":0,"template":"","meta":{"content-type":"","_monsterinsights_skip_tracking":false,"_monsterinsights_sitenote_active":false,"_monsterinsights_sitenote_note":"","_monsterinsights_sitenote_category":0},"product_brand":[],"product_cat":[1584],"product_tag":[1002],"brand":[],"target-group":[],"discontinued":[],"class_list":{"0":"post-123100","1":"product","2":"type-product","3":"status-publish","5":"product_cat-rejsespil-bornespil","6":"product_tag-held","8":"first","9":"instock","10":"taxable","11":"shipping-taxable","12":"product-type-simple"},"aioseo_notices":[],"_links":{"self":[{"href":"https:\/\/games.tactic.net\/da\/wp-json\/wp\/v2\/product\/123100","targetHints":{"allow":["GET"]}}],"collection":[{"href":"https:\/\/games.tactic.net\/da\/wp-json\/wp\/v2\/product"}],"about":[{"href":"https:\/\/games.tactic.net\/da\/wp-json\/wp\/v2\/types\/product"}],"wp:attachment":[{"href":"https:\/\/games.tactic.net\/da\/wp-json\/wp\/v2\/media?parent=123100"}],"wp:term":[{"taxonomy":"product_brand","embeddable":true,"href":"https:\/\/games.tactic.net\/da\/wp-json\/wp\/v2\/product_brand?post=123100"},{"taxonomy":"product_cat","embeddable":true,"href":"https:\/\/games.tactic.net\/da\/wp-json\/wp\/v2\/product_cat?post=123100"},{"taxonomy":"product_tag","embeddable":true,"href":"https:\/\/games.tactic.net\/da\/wp-json\/wp\/v2\/product_tag?post=123100"},{"taxonomy":"brand","embeddable":true,"href":"https:\/\/games.tactic.net\/da\/wp-json\/wp\/v2\/brand?post=123100"},{"taxonomy":"target-group","embeddable":true,"href":"https:\/\/games.tactic.net\/da\/wp-json\/wp\/v2\/target-group?post=123100"},{"taxonomy":"discontinued","embeddable":true,"href":"https:\/\/games.tactic.net\/da\/wp-json\/wp\/v2\/discontinued?post=123100"}],"curies":[{"name":"wp","href":"https:\/\/api.w.org\/{rel}","templated":true}]}}