{"id":123028,"date":"2021-08-11T16:30:18","date_gmt":"2021-08-11T13:30:18","guid":{"rendered":"http:\/\/dev.tactic.net\/tuote\/dam-moelle-rejsespil\/"},"modified":"2023-10-17T19:08:48","modified_gmt":"2023-10-17T16:08:48","slug":"dam-moelle-rejsespil","status":"publish","type":"product","link":"https:\/\/games.tactic.net\/da\/tuote\/dam-moelle-rejsespil\/","title":{"rendered":"Tactic Dam &#038; M\u00f8lle rejsespil"},"content":{"rendered":"<p>Klassikere varer evigt. I Frankrig spillede man Dam for tusind \u00e5r siden, mens M\u00f8lle var en favorit i det gamle Egypten. I begge spil er det meningen, at man skal sp\u00e6rre for sin modstander, men at vinde er en vigtig del af strategien. Denne \u00e6ske indeholder to solide klassikere, som helt sikkert vil v\u00e6re underholdende &#8211; mindst i tusind \u00e5r til.<\/p>\n","protected":false},"excerpt":{"rendered":"<p>Klassikere varer evigt. I Frankrig spillede man Dam for tusind \u00e5r siden, mens M\u00f8lle var en favorit i det gamle Egypten. I begge spil er det meningen, at man skal sp\u00e6rre for sin modstander, men at vinde er en vigtig del af strategien. Denne \u00e6ske indeholder to solide klassikere, som helt sikkert vil v\u00e6re underholdende [&hellip;]<\/p>\n","protected":false},"featured_media":0,"template":"","meta":{"content-type":"","_monsterinsights_skip_tracking":false,"_monsterinsights_sitenote_active":false,"_monsterinsights_sitenote_note":"","_monsterinsights_sitenote_category":0},"product_brand":[],"product_cat":[1585],"product_tag":[1237,895],"brand":[],"target-group":[],"discontinued":[],"class_list":{"0":"post-123028","1":"product","2":"type-product","3":"status-publish","5":"product_cat-rejsespil-familiespil","6":"product_tag-strategi-da","7":"product_tag-taktik","9":"first","10":"instock","11":"taxable","12":"shipping-taxable","13":"product-type-simple"},"aioseo_notices":[],"_links":{"self":[{"href":"https:\/\/games.tactic.net\/da\/wp-json\/wp\/v2\/product\/123028","targetHints":{"allow":["GET"]}}],"collection":[{"href":"https:\/\/games.tactic.net\/da\/wp-json\/wp\/v2\/product"}],"about":[{"href":"https:\/\/games.tactic.net\/da\/wp-json\/wp\/v2\/types\/product"}],"wp:attachment":[{"href":"https:\/\/games.tactic.net\/da\/wp-json\/wp\/v2\/media?parent=123028"}],"wp:term":[{"taxonomy":"product_brand","embeddable":true,"href":"https:\/\/games.tactic.net\/da\/wp-json\/wp\/v2\/product_brand?post=123028"},{"taxonomy":"product_cat","embeddable":true,"href":"https:\/\/games.tactic.net\/da\/wp-json\/wp\/v2\/product_cat?post=123028"},{"taxonomy":"product_tag","embeddable":true,"href":"https:\/\/games.tactic.net\/da\/wp-json\/wp\/v2\/product_tag?post=123028"},{"taxonomy":"brand","embeddable":true,"href":"https:\/\/games.tactic.net\/da\/wp-json\/wp\/v2\/brand?post=123028"},{"taxonomy":"target-group","embeddable":true,"href":"https:\/\/games.tactic.net\/da\/wp-json\/wp\/v2\/target-group?post=123028"},{"taxonomy":"discontinued","embeddable":true,"href":"https:\/\/games.tactic.net\/da\/wp-json\/wp\/v2\/discontinued?post=123028"}],"curies":[{"name":"wp","href":"https:\/\/api.w.org\/{rel}","templated":true}]}}