{"id":122869,"date":"2021-08-11T16:23:39","date_gmt":"2021-08-11T13:23:39","guid":{"rendered":"http:\/\/dev.tactic.net\/tuote\/lotto-jungle\/"},"modified":"2023-10-25T13:35:15","modified_gmt":"2023-10-25T10:35:15","slug":"lotto-jungle","status":"publish","type":"product","link":"https:\/\/games.tactic.net\/da\/tuote\/lotto-jungle\/","title":{"rendered":"Tactic Lotto Jungle"},"content":{"rendered":"<p>Velkommen til junglen! Jungle Lotto er et klassisk spil for familiens yngste medlemmer. Spillerne skal pr\u00f8ve at finde de ni rigtige brikker, som matcher billederne p\u00e5 deres plader. F\u00f8rste spiller med fuld plade vinder spillet.<\/p>\n","protected":false},"excerpt":{"rendered":"<p>Velkommen til junglen! Jungle Lotto er et klassisk spil for familiens yngste medlemmer. Spillerne skal pr\u00f8ve at finde de ni rigtige brikker, som matcher billederne p\u00e5 deres plader. F\u00f8rste spiller med fuld plade vinder spillet.<\/p>\n","protected":false},"featured_media":0,"template":"","meta":{"content-type":"","_monsterinsights_skip_tracking":false,"_monsterinsights_sitenote_active":false,"_monsterinsights_sitenote_note":"","_monsterinsights_sitenote_category":0},"product_brand":[],"product_cat":[1602],"product_tag":[1232],"brand":[],"target-group":[],"discontinued":[],"class_list":{"0":"post-122869","1":"product","2":"type-product","3":"status-publish","5":"product_cat-memo-spil-bornespil","6":"product_tag-kombinere-da","8":"first","9":"instock","10":"taxable","11":"shipping-taxable","12":"product-type-simple"},"aioseo_notices":[],"_links":{"self":[{"href":"https:\/\/games.tactic.net\/da\/wp-json\/wp\/v2\/product\/122869","targetHints":{"allow":["GET"]}}],"collection":[{"href":"https:\/\/games.tactic.net\/da\/wp-json\/wp\/v2\/product"}],"about":[{"href":"https:\/\/games.tactic.net\/da\/wp-json\/wp\/v2\/types\/product"}],"wp:attachment":[{"href":"https:\/\/games.tactic.net\/da\/wp-json\/wp\/v2\/media?parent=122869"}],"wp:term":[{"taxonomy":"product_brand","embeddable":true,"href":"https:\/\/games.tactic.net\/da\/wp-json\/wp\/v2\/product_brand?post=122869"},{"taxonomy":"product_cat","embeddable":true,"href":"https:\/\/games.tactic.net\/da\/wp-json\/wp\/v2\/product_cat?post=122869"},{"taxonomy":"product_tag","embeddable":true,"href":"https:\/\/games.tactic.net\/da\/wp-json\/wp\/v2\/product_tag?post=122869"},{"taxonomy":"brand","embeddable":true,"href":"https:\/\/games.tactic.net\/da\/wp-json\/wp\/v2\/brand?post=122869"},{"taxonomy":"target-group","embeddable":true,"href":"https:\/\/games.tactic.net\/da\/wp-json\/wp\/v2\/target-group?post=122869"},{"taxonomy":"discontinued","embeddable":true,"href":"https:\/\/games.tactic.net\/da\/wp-json\/wp\/v2\/discontinued?post=122869"}],"curies":[{"name":"wp","href":"https:\/\/api.w.org\/{rel}","templated":true}]}}