{"id":122811,"date":"2021-08-11T16:12:57","date_gmt":"2021-08-11T13:12:57","guid":{"rendered":"http:\/\/dev.tactic.net\/tuote\/memo-transport\/"},"modified":"2023-10-25T13:46:35","modified_gmt":"2023-10-25T10:46:35","slug":"memo-transport","status":"publish","type":"product","link":"https:\/\/games.tactic.net\/da\/tuote\/memo-transport\/","title":{"rendered":"Tactic Memo Transport"},"content":{"rendered":"<p>Et herligt memospil med st\u00e6rke motorer! Pr\u00f8v at finde de rigtige brikker i bunken p\u00e5 bordet. Hvis de matcher, m\u00e5 du beholde brikkerne. Spilleren med flest par vinder spillet. 54 kul\u00f8rte brikker med seje k\u00f8ret\u00f8jer!<\/p>\n","protected":false},"excerpt":{"rendered":"<p>Vend to brikker. Er det et par, m\u00e5 du beholde dem. Spilleren med flest par ved spillets afslutning er vinderen.<\/p>\n","protected":false},"featured_media":0,"template":"","meta":{"content-type":"","_monsterinsights_skip_tracking":false,"_monsterinsights_sitenote_active":false,"_monsterinsights_sitenote_note":"","_monsterinsights_sitenote_category":0},"product_brand":[],"product_cat":[1602],"product_tag":[344],"brand":[],"target-group":[],"discontinued":[],"class_list":{"0":"post-122811","1":"product","2":"type-product","3":"status-publish","5":"product_cat-memo-spil-bornespil","6":"product_tag-kombinere","8":"first","9":"instock","10":"taxable","11":"shipping-taxable","12":"product-type-simple"},"aioseo_notices":[],"_links":{"self":[{"href":"https:\/\/games.tactic.net\/da\/wp-json\/wp\/v2\/product\/122811","targetHints":{"allow":["GET"]}}],"collection":[{"href":"https:\/\/games.tactic.net\/da\/wp-json\/wp\/v2\/product"}],"about":[{"href":"https:\/\/games.tactic.net\/da\/wp-json\/wp\/v2\/types\/product"}],"wp:attachment":[{"href":"https:\/\/games.tactic.net\/da\/wp-json\/wp\/v2\/media?parent=122811"}],"wp:term":[{"taxonomy":"product_brand","embeddable":true,"href":"https:\/\/games.tactic.net\/da\/wp-json\/wp\/v2\/product_brand?post=122811"},{"taxonomy":"product_cat","embeddable":true,"href":"https:\/\/games.tactic.net\/da\/wp-json\/wp\/v2\/product_cat?post=122811"},{"taxonomy":"product_tag","embeddable":true,"href":"https:\/\/games.tactic.net\/da\/wp-json\/wp\/v2\/product_tag?post=122811"},{"taxonomy":"brand","embeddable":true,"href":"https:\/\/games.tactic.net\/da\/wp-json\/wp\/v2\/brand?post=122811"},{"taxonomy":"target-group","embeddable":true,"href":"https:\/\/games.tactic.net\/da\/wp-json\/wp\/v2\/target-group?post=122811"},{"taxonomy":"discontinued","embeddable":true,"href":"https:\/\/games.tactic.net\/da\/wp-json\/wp\/v2\/discontinued?post=122811"}],"curies":[{"name":"wp","href":"https:\/\/api.w.org\/{rel}","templated":true}]}}