{"id":122807,"date":"2021-08-11T16:10:18","date_gmt":"2021-08-11T13:10:18","guid":{"rendered":"http:\/\/dev.tactic.net\/tuote\/memo-pretty\/"},"modified":"2023-10-25T13:44:25","modified_gmt":"2023-10-25T10:44:25","slug":"memo-pretty","status":"publish","type":"product","link":"https:\/\/games.tactic.net\/da\/tuote\/memo-pretty\/","title":{"rendered":"Tactic Memo Pretty"},"content":{"rendered":"<p>Et sjovt og farverigt huskespil for alle, der elsker prinsesser, lyser\u00f8dt og s\u00f8de dyremotiver! Spred brikkerne ud p\u00e5 bordet og vend to ad gangen. Finder du et matchende par, beholder du dem \u2013 spilleren med flest par til sidst vinder. Et perfekt spil til b\u00f8rn og familier, der vil tr\u00e6ne hukommelsen p\u00e5 en legende m\u00e5de.<\/p>\n","protected":false},"excerpt":{"rendered":"<p>Et sjovt og farverigt huskespil for alle, der elsker prinsesser, lyser\u00f8dt og s\u00f8de dyremotiver! Spred brikkerne ud p\u00e5 bordet og vend to ad gangen. Finder du et matchende par, beholder du dem \u2013 spilleren med flest par til sidst vinder. Et perfekt spil til b\u00f8rn og familier, der vil tr\u00e6ne hukommelsen p\u00e5 en legende m\u00e5de.<\/p>\n","protected":false},"featured_media":0,"template":"","meta":{"content-type":"","_monsterinsights_skip_tracking":false,"_monsterinsights_sitenote_active":false,"_monsterinsights_sitenote_note":"","_monsterinsights_sitenote_category":0},"product_brand":[],"product_cat":[1602],"product_tag":[1232],"brand":[],"target-group":[],"discontinued":[],"class_list":{"0":"post-122807","1":"product","2":"type-product","3":"status-publish","5":"product_cat-memo-spil-bornespil","6":"product_tag-kombinere-da","8":"first","9":"instock","10":"taxable","11":"shipping-taxable","12":"product-type-simple"},"aioseo_notices":[],"_links":{"self":[{"href":"https:\/\/games.tactic.net\/da\/wp-json\/wp\/v2\/product\/122807","targetHints":{"allow":["GET"]}}],"collection":[{"href":"https:\/\/games.tactic.net\/da\/wp-json\/wp\/v2\/product"}],"about":[{"href":"https:\/\/games.tactic.net\/da\/wp-json\/wp\/v2\/types\/product"}],"wp:attachment":[{"href":"https:\/\/games.tactic.net\/da\/wp-json\/wp\/v2\/media?parent=122807"}],"wp:term":[{"taxonomy":"product_brand","embeddable":true,"href":"https:\/\/games.tactic.net\/da\/wp-json\/wp\/v2\/product_brand?post=122807"},{"taxonomy":"product_cat","embeddable":true,"href":"https:\/\/games.tactic.net\/da\/wp-json\/wp\/v2\/product_cat?post=122807"},{"taxonomy":"product_tag","embeddable":true,"href":"https:\/\/games.tactic.net\/da\/wp-json\/wp\/v2\/product_tag?post=122807"},{"taxonomy":"brand","embeddable":true,"href":"https:\/\/games.tactic.net\/da\/wp-json\/wp\/v2\/brand?post=122807"},{"taxonomy":"target-group","embeddable":true,"href":"https:\/\/games.tactic.net\/da\/wp-json\/wp\/v2\/target-group?post=122807"},{"taxonomy":"discontinued","embeddable":true,"href":"https:\/\/games.tactic.net\/da\/wp-json\/wp\/v2\/discontinued?post=122807"}],"curies":[{"name":"wp","href":"https:\/\/api.w.org\/{rel}","templated":true}]}}