{"id":122777,"date":"2021-08-11T16:09:02","date_gmt":"2021-08-11T13:09:02","guid":{"rendered":"http:\/\/dev.tactic.net\/tuote\/memo-bugs\/"},"modified":"2023-10-25T13:39:37","modified_gmt":"2023-10-25T10:39:37","slug":"memo-bugs","status":"publish","type":"product","link":"https:\/\/games.tactic.net\/da\/tuote\/memo-bugs\/","title":{"rendered":"Tactic Memo Insekter"},"content":{"rendered":"<p>Et sjovt memospil med masser af sp\u00e6ndende sm\u00e5 insekter. Spred brikkerne ud p\u00e5 bordet og vend to af dem samtidigt. Hvis billederne matcher, kan du beholde dem. Spilleren med flest par vinder.<\/p>\n","protected":false},"excerpt":{"rendered":"<p>Et sjovt memospil med masser af sp\u00e6ndende sm\u00e5 insekter. Spred brikkerne ud p\u00e5 bordet og vend to af dem samtidigt. Hvis billederne matcher, kan du beholde dem. Spilleren med flest par vinder.<\/p>\n","protected":false},"featured_media":0,"template":"","meta":{"content-type":"","_monsterinsights_skip_tracking":false,"_monsterinsights_sitenote_active":false,"_monsterinsights_sitenote_note":"","_monsterinsights_sitenote_category":0},"product_brand":[],"product_cat":[1602],"product_tag":[1232],"brand":[],"target-group":[],"discontinued":[],"class_list":{"0":"post-122777","1":"product","2":"type-product","3":"status-publish","5":"product_cat-memo-spil-bornespil","6":"product_tag-kombinere-da","8":"first","9":"instock","10":"taxable","11":"shipping-taxable","12":"product-type-simple"},"aioseo_notices":[],"_links":{"self":[{"href":"https:\/\/games.tactic.net\/da\/wp-json\/wp\/v2\/product\/122777","targetHints":{"allow":["GET"]}}],"collection":[{"href":"https:\/\/games.tactic.net\/da\/wp-json\/wp\/v2\/product"}],"about":[{"href":"https:\/\/games.tactic.net\/da\/wp-json\/wp\/v2\/types\/product"}],"wp:attachment":[{"href":"https:\/\/games.tactic.net\/da\/wp-json\/wp\/v2\/media?parent=122777"}],"wp:term":[{"taxonomy":"product_brand","embeddable":true,"href":"https:\/\/games.tactic.net\/da\/wp-json\/wp\/v2\/product_brand?post=122777"},{"taxonomy":"product_cat","embeddable":true,"href":"https:\/\/games.tactic.net\/da\/wp-json\/wp\/v2\/product_cat?post=122777"},{"taxonomy":"product_tag","embeddable":true,"href":"https:\/\/games.tactic.net\/da\/wp-json\/wp\/v2\/product_tag?post=122777"},{"taxonomy":"brand","embeddable":true,"href":"https:\/\/games.tactic.net\/da\/wp-json\/wp\/v2\/brand?post=122777"},{"taxonomy":"target-group","embeddable":true,"href":"https:\/\/games.tactic.net\/da\/wp-json\/wp\/v2\/target-group?post=122777"},{"taxonomy":"discontinued","embeddable":true,"href":"https:\/\/games.tactic.net\/da\/wp-json\/wp\/v2\/discontinued?post=122777"}],"curies":[{"name":"wp","href":"https:\/\/api.w.org\/{rel}","templated":true}]}}