{"id":122599,"date":"2021-08-11T15:44:38","date_gmt":"2021-08-11T12:44:38","guid":{"rendered":"http:\/\/dev.tactic.net\/tuote\/pro-poker-case-200-chips\/"},"modified":"2023-10-20T13:20:12","modified_gmt":"2023-10-20T10:20:12","slug":"pro-poker-case-200-chips","status":"publish","type":"product","link":"https:\/\/games.tactic.net\/da\/tuote\/pro-poker-case-200-chips\/","title":{"rendered":"Tactic Pro Poker Case 200 chips"},"content":{"rendered":"<p>Er du klar til din n\u00e6ste pokeraften? Dette s\u00e6t indeholder alt du skal bruge: 200 pokerchips (11,5 gram), 2 kortspil i pokerst\u00f8rrelse, 1 dealerbrik, 5 klassiske casinoterninger og regler, alt sammen i h\u00f8j kvalitet og pakket i en robust metalkuffert af h\u00f8j kvalitet.<\/p>\n","protected":false},"excerpt":{"rendered":"<p>Er du klar til din n\u00e6ste pokeraften? Dette s\u00e6t indeholder alt du skal bruge: 200 pokerchips (11,5 gram), 2 kortspil i pokerst\u00f8rrelse, 1 dealerbrik, 5 klassiske casinoterninger og regler, alt sammen i h\u00f8j kvalitet og pakket i en robust metalkuffert af h\u00f8j kvalitet.<\/p>\n","protected":false},"featured_media":0,"template":"","meta":{"content-type":"","_monsterinsights_skip_tracking":false,"_monsterinsights_sitenote_active":false,"_monsterinsights_sitenote_note":"","_monsterinsights_sitenote_category":0},"product_brand":[],"product_cat":[1592],"product_tag":[1241,1250,1237],"brand":[],"target-group":[],"discontinued":[],"class_list":{"0":"post-122599","1":"product","2":"type-product","3":"status-publish","5":"product_cat-poker","6":"product_tag-beregning-da","7":"product_tag-faerdighed-da","8":"product_tag-strategi-da","10":"first","11":"instock","12":"taxable","13":"shipping-taxable","14":"product-type-simple"},"aioseo_notices":[],"_links":{"self":[{"href":"https:\/\/games.tactic.net\/da\/wp-json\/wp\/v2\/product\/122599","targetHints":{"allow":["GET"]}}],"collection":[{"href":"https:\/\/games.tactic.net\/da\/wp-json\/wp\/v2\/product"}],"about":[{"href":"https:\/\/games.tactic.net\/da\/wp-json\/wp\/v2\/types\/product"}],"wp:attachment":[{"href":"https:\/\/games.tactic.net\/da\/wp-json\/wp\/v2\/media?parent=122599"}],"wp:term":[{"taxonomy":"product_brand","embeddable":true,"href":"https:\/\/games.tactic.net\/da\/wp-json\/wp\/v2\/product_brand?post=122599"},{"taxonomy":"product_cat","embeddable":true,"href":"https:\/\/games.tactic.net\/da\/wp-json\/wp\/v2\/product_cat?post=122599"},{"taxonomy":"product_tag","embeddable":true,"href":"https:\/\/games.tactic.net\/da\/wp-json\/wp\/v2\/product_tag?post=122599"},{"taxonomy":"brand","embeddable":true,"href":"https:\/\/games.tactic.net\/da\/wp-json\/wp\/v2\/brand?post=122599"},{"taxonomy":"target-group","embeddable":true,"href":"https:\/\/games.tactic.net\/da\/wp-json\/wp\/v2\/target-group?post=122599"},{"taxonomy":"discontinued","embeddable":true,"href":"https:\/\/games.tactic.net\/da\/wp-json\/wp\/v2\/discontinued?post=122599"}],"curies":[{"name":"wp","href":"https:\/\/api.w.org\/{rel}","templated":true}]}}