{"id":122596,"date":"2021-08-11T15:42:00","date_gmt":"2021-08-11T12:42:00","guid":{"rendered":"http:\/\/dev.tactic.net\/tuote\/collection-classique-rummy\/"},"modified":"2023-10-25T14:58:15","modified_gmt":"2023-10-25T11:58:15","slug":"collection-classique-rummy","status":"publish","type":"product","link":"https:\/\/games.tactic.net\/da\/tuote\/collection-classique-rummy\/","title":{"rendered":"Tactic Deluxe Rummy board game"},"content":{"rendered":"<p>Byg kombinationer af brikkerne og l\u00e6g dem til de andre kombinationer p\u00e5 bordet. Den f\u00f8rste spiller, som bliver af med sine brikker, vinder spillet.<\/p>\n","protected":false},"excerpt":{"rendered":"<p>Et klassisk spil, der er udviklet p\u00e5 baggrund af det kendte kortspil af samme navn. Det g\u00e6lder om at l\u00e6gge sine brikker inden modstanderen!<\/p>\n","protected":false},"featured_media":0,"template":"","meta":{"content-type":"","_monsterinsights_skip_tracking":false,"_monsterinsights_sitenote_active":false,"_monsterinsights_sitenote_note":"","_monsterinsights_sitenote_category":0},"product_brand":[],"product_cat":[1601,1609],"product_tag":[1232,1237],"brand":[],"target-group":[],"discontinued":[],"class_list":{"0":"post-122596","1":"product","2":"type-product","3":"status-publish","5":"product_cat-klassiske-spil-familiespil","6":"product_cat-klassiske-spil-voksenspil","7":"product_tag-kombinere-da","8":"product_tag-strategi-da","10":"first","11":"instock","12":"taxable","13":"shipping-taxable","14":"product-type-simple"},"aioseo_notices":[],"_links":{"self":[{"href":"https:\/\/games.tactic.net\/da\/wp-json\/wp\/v2\/product\/122596","targetHints":{"allow":["GET"]}}],"collection":[{"href":"https:\/\/games.tactic.net\/da\/wp-json\/wp\/v2\/product"}],"about":[{"href":"https:\/\/games.tactic.net\/da\/wp-json\/wp\/v2\/types\/product"}],"wp:attachment":[{"href":"https:\/\/games.tactic.net\/da\/wp-json\/wp\/v2\/media?parent=122596"}],"wp:term":[{"taxonomy":"product_brand","embeddable":true,"href":"https:\/\/games.tactic.net\/da\/wp-json\/wp\/v2\/product_brand?post=122596"},{"taxonomy":"product_cat","embeddable":true,"href":"https:\/\/games.tactic.net\/da\/wp-json\/wp\/v2\/product_cat?post=122596"},{"taxonomy":"product_tag","embeddable":true,"href":"https:\/\/games.tactic.net\/da\/wp-json\/wp\/v2\/product_tag?post=122596"},{"taxonomy":"brand","embeddable":true,"href":"https:\/\/games.tactic.net\/da\/wp-json\/wp\/v2\/brand?post=122596"},{"taxonomy":"target-group","embeddable":true,"href":"https:\/\/games.tactic.net\/da\/wp-json\/wp\/v2\/target-group?post=122596"},{"taxonomy":"discontinued","embeddable":true,"href":"https:\/\/games.tactic.net\/da\/wp-json\/wp\/v2\/discontinued?post=122596"}],"curies":[{"name":"wp","href":"https:\/\/api.w.org\/{rel}","templated":true}]}}