{"id":122595,"date":"2021-08-11T15:41:04","date_gmt":"2021-08-11T12:41:04","guid":{"rendered":"http:\/\/dev.tactic.net\/tuote\/rustic-backgammon\/"},"modified":"2023-10-25T15:52:01","modified_gmt":"2023-10-25T12:52:01","slug":"rustic-backgammon","status":"publish","type":"product","link":"https:\/\/games.tactic.net\/da\/tuote\/rustic-backgammon\/","title":{"rendered":"Tactic Rustic Backgammon"},"content":{"rendered":"<p>To spillere flytter sine brikker med det form\u00e5l at f\u00e5 alle brikkerne til deres hjemland og derefter taget af br\u00e6ttet.<\/p>\n","protected":false},"excerpt":{"rendered":"<p>En elegant version af det klassiske br\u00e6tspil! Strategi og held er vigtige elementer i dette klassiske br\u00e6tspil. Den f\u00f8rste spiller, der f\u00e5r alle sine brikker ud, er vinder.<\/p>\n","protected":false},"featured_media":0,"template":"","meta":{"content-type":"","_monsterinsights_skip_tracking":false,"_monsterinsights_sitenote_active":false,"_monsterinsights_sitenote_note":"","_monsterinsights_sitenote_category":0},"product_brand":[],"product_cat":[1601,1609],"product_tag":[1002,1237,895],"brand":[],"target-group":[],"discontinued":[],"class_list":{"0":"post-122595","1":"product","2":"type-product","3":"status-publish","5":"product_cat-klassiske-spil-familiespil","6":"product_cat-klassiske-spil-voksenspil","7":"product_tag-held","8":"product_tag-strategi-da","9":"product_tag-taktik","11":"first","12":"instock","13":"taxable","14":"shipping-taxable","15":"product-type-simple"},"aioseo_notices":[],"_links":{"self":[{"href":"https:\/\/games.tactic.net\/da\/wp-json\/wp\/v2\/product\/122595","targetHints":{"allow":["GET"]}}],"collection":[{"href":"https:\/\/games.tactic.net\/da\/wp-json\/wp\/v2\/product"}],"about":[{"href":"https:\/\/games.tactic.net\/da\/wp-json\/wp\/v2\/types\/product"}],"wp:attachment":[{"href":"https:\/\/games.tactic.net\/da\/wp-json\/wp\/v2\/media?parent=122595"}],"wp:term":[{"taxonomy":"product_brand","embeddable":true,"href":"https:\/\/games.tactic.net\/da\/wp-json\/wp\/v2\/product_brand?post=122595"},{"taxonomy":"product_cat","embeddable":true,"href":"https:\/\/games.tactic.net\/da\/wp-json\/wp\/v2\/product_cat?post=122595"},{"taxonomy":"product_tag","embeddable":true,"href":"https:\/\/games.tactic.net\/da\/wp-json\/wp\/v2\/product_tag?post=122595"},{"taxonomy":"brand","embeddable":true,"href":"https:\/\/games.tactic.net\/da\/wp-json\/wp\/v2\/brand?post=122595"},{"taxonomy":"target-group","embeddable":true,"href":"https:\/\/games.tactic.net\/da\/wp-json\/wp\/v2\/target-group?post=122595"},{"taxonomy":"discontinued","embeddable":true,"href":"https:\/\/games.tactic.net\/da\/wp-json\/wp\/v2\/discontinued?post=122595"}],"curies":[{"name":"wp","href":"https:\/\/api.w.org\/{rel}","templated":true}]}}