{"id":122579,"date":"2021-08-11T15:17:50","date_gmt":"2021-08-11T12:17:50","guid":{"rendered":"http:\/\/dev.tactic.net\/tuote\/collection-classique-skak\/"},"modified":"2023-09-27T11:20:16","modified_gmt":"2023-09-27T08:20:16","slug":"collection-classique-skak","status":"publish","type":"product","link":"https:\/\/games.tactic.net\/da\/tuote\/collection-classique-skak\/","title":{"rendered":"Tactic Deluxe Skak"},"content":{"rendered":"<p>Klassisk skakspil med br\u00e6t og brikker af tr\u00e6. I en skakduel flytter spillerne skiftevis deres skakbrikker, mens de fors\u00f8ger at fange modstanderens konge.<\/p>\n","protected":false},"excerpt":{"rendered":"<p>Klassisk skakspil med br\u00e6t og brikker af tr\u00e6.<\/p>\n","protected":false},"featured_media":0,"template":"","meta":{"content-type":"","_monsterinsights_skip_tracking":false,"_monsterinsights_sitenote_active":false,"_monsterinsights_sitenote_note":"","_monsterinsights_sitenote_category":0},"product_brand":[],"product_cat":[1601,1609],"product_tag":[1237,895],"brand":[],"target-group":[],"discontinued":[],"class_list":{"0":"post-122579","1":"product","2":"type-product","3":"status-publish","5":"product_cat-klassiske-spil-familiespil","6":"product_cat-klassiske-spil-voksenspil","7":"product_tag-strategi-da","8":"product_tag-taktik","10":"first","11":"instock","12":"taxable","13":"shipping-taxable","14":"product-type-simple"},"aioseo_notices":[],"_links":{"self":[{"href":"https:\/\/games.tactic.net\/da\/wp-json\/wp\/v2\/product\/122579","targetHints":{"allow":["GET"]}}],"collection":[{"href":"https:\/\/games.tactic.net\/da\/wp-json\/wp\/v2\/product"}],"about":[{"href":"https:\/\/games.tactic.net\/da\/wp-json\/wp\/v2\/types\/product"}],"wp:attachment":[{"href":"https:\/\/games.tactic.net\/da\/wp-json\/wp\/v2\/media?parent=122579"}],"wp:term":[{"taxonomy":"product_brand","embeddable":true,"href":"https:\/\/games.tactic.net\/da\/wp-json\/wp\/v2\/product_brand?post=122579"},{"taxonomy":"product_cat","embeddable":true,"href":"https:\/\/games.tactic.net\/da\/wp-json\/wp\/v2\/product_cat?post=122579"},{"taxonomy":"product_tag","embeddable":true,"href":"https:\/\/games.tactic.net\/da\/wp-json\/wp\/v2\/product_tag?post=122579"},{"taxonomy":"brand","embeddable":true,"href":"https:\/\/games.tactic.net\/da\/wp-json\/wp\/v2\/brand?post=122579"},{"taxonomy":"target-group","embeddable":true,"href":"https:\/\/games.tactic.net\/da\/wp-json\/wp\/v2\/target-group?post=122579"},{"taxonomy":"discontinued","embeddable":true,"href":"https:\/\/games.tactic.net\/da\/wp-json\/wp\/v2\/discontinued?post=122579"}],"curies":[{"name":"wp","href":"https:\/\/api.w.org\/{rel}","templated":true}]}}