{"id":122563,"date":"2021-08-11T15:07:52","date_gmt":"2021-08-11T12:07:52","guid":{"rendered":"http:\/\/dev.tactic.net\/tuote\/mexican-train\/"},"modified":"2025-11-21T08:14:29","modified_gmt":"2025-11-21T06:14:29","slug":"mexican-train","status":"publish","type":"product","link":"https:\/\/games.tactic.net\/da\/tuote\/mexican-train\/","title":{"rendered":"Tactic Mexican Train board game"},"content":{"rendered":"<p>Et af de mest popul\u00e6re dominospil, der spilles rundt om i verden i dag! Hver spiller danner k\u00e6der af dominobrikker (i dette spil kaldet tog). Man m\u00e5 ogs\u00e5 l\u00e6gge brikker til sine medspilleres k\u00e6der, dette kaldes Mexican Train. M\u00e5let er, at blive den f\u00f8rste der l\u00e6gger alle sine brikker og holder toget k\u00f8rende hele vejen frem til sejr! Der er mange forhindringer, som blokerer for toget undervejs, hvilket g\u00f8r spillet meget sp\u00e6ndende. Et spil der er let at l\u00e6re og utroligt sjovt at spille!<\/p>\n","protected":false},"excerpt":{"rendered":"<p>Et af de mest popul\u00e6re dominospil, der spilles rundt om i verden i dag!<\/p>\n","protected":false},"featured_media":0,"template":"","meta":{"content-type":"","_monsterinsights_skip_tracking":false,"_monsterinsights_sitenote_active":false,"_monsterinsights_sitenote_note":"","_monsterinsights_sitenote_category":0},"product_brand":[],"product_cat":[1601,1609],"product_tag":[1232,1237,969],"brand":[],"target-group":[],"discontinued":[],"class_list":{"0":"post-122563","1":"product","2":"type-product","3":"status-publish","5":"product_cat-klassiske-spil-familiespil","6":"product_cat-klassiske-spil-voksenspil","7":"product_tag-kombinere-da","8":"product_tag-strategi-da","9":"product_tag-tidsfordriv-2","11":"first","12":"instock","13":"taxable","14":"shipping-taxable","15":"product-type-simple"},"aioseo_notices":[],"_links":{"self":[{"href":"https:\/\/games.tactic.net\/da\/wp-json\/wp\/v2\/product\/122563","targetHints":{"allow":["GET"]}}],"collection":[{"href":"https:\/\/games.tactic.net\/da\/wp-json\/wp\/v2\/product"}],"about":[{"href":"https:\/\/games.tactic.net\/da\/wp-json\/wp\/v2\/types\/product"}],"wp:attachment":[{"href":"https:\/\/games.tactic.net\/da\/wp-json\/wp\/v2\/media?parent=122563"}],"wp:term":[{"taxonomy":"product_brand","embeddable":true,"href":"https:\/\/games.tactic.net\/da\/wp-json\/wp\/v2\/product_brand?post=122563"},{"taxonomy":"product_cat","embeddable":true,"href":"https:\/\/games.tactic.net\/da\/wp-json\/wp\/v2\/product_cat?post=122563"},{"taxonomy":"product_tag","embeddable":true,"href":"https:\/\/games.tactic.net\/da\/wp-json\/wp\/v2\/product_tag?post=122563"},{"taxonomy":"brand","embeddable":true,"href":"https:\/\/games.tactic.net\/da\/wp-json\/wp\/v2\/brand?post=122563"},{"taxonomy":"target-group","embeddable":true,"href":"https:\/\/games.tactic.net\/da\/wp-json\/wp\/v2\/target-group?post=122563"},{"taxonomy":"discontinued","embeddable":true,"href":"https:\/\/games.tactic.net\/da\/wp-json\/wp\/v2\/discontinued?post=122563"}],"curies":[{"name":"wp","href":"https:\/\/api.w.org\/{rel}","templated":true}]}}