{"id":122548,"date":"2021-08-11T15:07:04","date_gmt":"2021-08-11T12:07:04","guid":{"rendered":"http:\/\/dev.tactic.net\/tuote\/domino-double-9\/"},"modified":"2023-10-17T19:05:20","modified_gmt":"2023-10-17T16:05:20","slug":"domino-double-9","status":"publish","type":"product","link":"https:\/\/games.tactic.net\/da\/tuote\/domino-double-9\/","title":{"rendered":"Tactic Domino Double 9 board game"},"content":{"rendered":"<p>Er du klar til et spil domino? Pr\u00f8v at blive den f\u00f8rste til at l\u00e6gge alle dine brikker, s\u00e5 vinder du spillet.<\/p>\n","protected":false},"excerpt":{"rendered":"<p>Er du klar til et spil domino? Pr\u00f8v at blive den f\u00f8rste til at l\u00e6gge alle dine brikker, s\u00e5 vinder du spillet.<\/p>\n","protected":false},"featured_media":0,"template":"","meta":{"content-type":"","_monsterinsights_skip_tracking":false,"_monsterinsights_sitenote_active":false,"_monsterinsights_sitenote_note":"","_monsterinsights_sitenote_category":0},"product_brand":[],"product_cat":[1609,1601],"product_tag":[344,352],"brand":[],"target-group":[],"discontinued":[],"class_list":{"0":"post-122548","1":"product","2":"type-product","3":"status-publish","5":"product_cat-klassiske-spil-voksenspil","6":"product_cat-klassiske-spil-familiespil","7":"product_tag-kombinere","8":"product_tag-strategi","10":"first","11":"instock","12":"taxable","13":"shipping-taxable","14":"product-type-simple"},"aioseo_notices":[],"_links":{"self":[{"href":"https:\/\/games.tactic.net\/da\/wp-json\/wp\/v2\/product\/122548","targetHints":{"allow":["GET"]}}],"collection":[{"href":"https:\/\/games.tactic.net\/da\/wp-json\/wp\/v2\/product"}],"about":[{"href":"https:\/\/games.tactic.net\/da\/wp-json\/wp\/v2\/types\/product"}],"wp:attachment":[{"href":"https:\/\/games.tactic.net\/da\/wp-json\/wp\/v2\/media?parent=122548"}],"wp:term":[{"taxonomy":"product_brand","embeddable":true,"href":"https:\/\/games.tactic.net\/da\/wp-json\/wp\/v2\/product_brand?post=122548"},{"taxonomy":"product_cat","embeddable":true,"href":"https:\/\/games.tactic.net\/da\/wp-json\/wp\/v2\/product_cat?post=122548"},{"taxonomy":"product_tag","embeddable":true,"href":"https:\/\/games.tactic.net\/da\/wp-json\/wp\/v2\/product_tag?post=122548"},{"taxonomy":"brand","embeddable":true,"href":"https:\/\/games.tactic.net\/da\/wp-json\/wp\/v2\/brand?post=122548"},{"taxonomy":"target-group","embeddable":true,"href":"https:\/\/games.tactic.net\/da\/wp-json\/wp\/v2\/target-group?post=122548"},{"taxonomy":"discontinued","embeddable":true,"href":"https:\/\/games.tactic.net\/da\/wp-json\/wp\/v2\/discontinued?post=122548"}],"curies":[{"name":"wp","href":"https:\/\/api.w.org\/{rel}","templated":true}]}}