{"id":122547,"date":"2021-08-11T15:06:09","date_gmt":"2021-08-11T12:06:09","guid":{"rendered":"http:\/\/dev.tactic.net\/tuote\/kalaha-i-papaeske\/"},"modified":"2022-01-21T14:02:14","modified_gmt":"2022-01-21T12:02:14","slug":"kalaha-i-papaeske","status":"archive","type":"product","link":"https:\/\/games.tactic.net\/da\/tuote\/kalaha-i-papaeske\/","title":{"rendered":"Kalaha (i Pap\u00e6ske)"},"content":{"rendered":"<p>Fordel dine kugler i sk\u00e5lene og pr\u00f8v at f\u00e5 fat i din modstanders kugler.<\/p>\n<div>&#8211; Meget for pengene!<\/p>\n<p>&#8211; Tydelige og nemme regler.<\/p>\n<p>&#8211; Nemt at tage med overalt.<\/div>\n","protected":false},"excerpt":{"rendered":"<p>Fordel dine kugler i sk\u00e5lene og pr\u00f8v at f\u00e5 fat i din modstanders kugler.<\/p>\n","protected":false},"featured_media":0,"template":"","meta":{"content-type":"","_monsterinsights_skip_tracking":false,"_monsterinsights_sitenote_active":false,"_monsterinsights_sitenote_note":"","_monsterinsights_sitenote_category":0},"product_brand":[],"product_cat":[1601,1609],"product_tag":[969],"brand":[],"target-group":[],"discontinued":[],"class_list":{"0":"post-122547","1":"product","2":"type-product","3":"status-archive","5":"product_cat-klassiske-spil-familiespil","6":"product_cat-klassiske-spil-voksenspil","7":"product_tag-tidsfordriv-2","9":"first","10":"outofstock","11":"taxable","12":"shipping-taxable","13":"product-type-simple"},"aioseo_notices":[],"_links":{"self":[{"href":"https:\/\/games.tactic.net\/da\/wp-json\/wp\/v2\/product\/122547","targetHints":{"allow":["GET"]}}],"collection":[{"href":"https:\/\/games.tactic.net\/da\/wp-json\/wp\/v2\/product"}],"about":[{"href":"https:\/\/games.tactic.net\/da\/wp-json\/wp\/v2\/types\/product"}],"wp:attachment":[{"href":"https:\/\/games.tactic.net\/da\/wp-json\/wp\/v2\/media?parent=122547"}],"wp:term":[{"taxonomy":"product_brand","embeddable":true,"href":"https:\/\/games.tactic.net\/da\/wp-json\/wp\/v2\/product_brand?post=122547"},{"taxonomy":"product_cat","embeddable":true,"href":"https:\/\/games.tactic.net\/da\/wp-json\/wp\/v2\/product_cat?post=122547"},{"taxonomy":"product_tag","embeddable":true,"href":"https:\/\/games.tactic.net\/da\/wp-json\/wp\/v2\/product_tag?post=122547"},{"taxonomy":"brand","embeddable":true,"href":"https:\/\/games.tactic.net\/da\/wp-json\/wp\/v2\/brand?post=122547"},{"taxonomy":"target-group","embeddable":true,"href":"https:\/\/games.tactic.net\/da\/wp-json\/wp\/v2\/target-group?post=122547"},{"taxonomy":"discontinued","embeddable":true,"href":"https:\/\/games.tactic.net\/da\/wp-json\/wp\/v2\/discontinued?post=122547"}],"curies":[{"name":"wp","href":"https:\/\/api.w.org\/{rel}","templated":true}]}}