{"id":122545,"date":"2021-08-11T15:02:09","date_gmt":"2021-08-11T12:02:09","guid":{"rendered":"http:\/\/dev.tactic.net\/tuote\/trendy-tower\/"},"modified":"2023-09-27T11:21:26","modified_gmt":"2023-09-27T08:21:26","slug":"trendy-tower","status":"publish","type":"product","link":"https:\/\/games.tactic.net\/da\/tuote\/trendy-tower\/","title":{"rendered":"Tactic Trendy Tower board game"},"content":{"rendered":"<p>Klassisk spil med brikker af tr\u00e6. Byg et h\u00f8jt t\u00e5rn &#8211; men v\u00e6lt det ikke selv! Mange timers sjov underholdning for hele familien.<\/p>\n","protected":false},"excerpt":{"rendered":"<p>Klassisk spil med brikker af tr\u00e6. Byg et h\u00f8jt t\u00e5rn &#8211; men v\u00e6lt det ikke selv! Mange timers sjov underholdning for hele familien.<\/p>\n","protected":false},"featured_media":0,"template":"","meta":{"content-type":"","_monsterinsights_skip_tracking":false,"_monsterinsights_sitenote_active":false,"_monsterinsights_sitenote_note":"","_monsterinsights_sitenote_category":0},"product_brand":[],"product_cat":[1601,1609],"product_tag":[1250,969],"brand":[],"target-group":[],"discontinued":[],"class_list":{"0":"post-122545","1":"product","2":"type-product","3":"status-publish","5":"product_cat-klassiske-spil-familiespil","6":"product_cat-klassiske-spil-voksenspil","7":"product_tag-faerdighed-da","8":"product_tag-tidsfordriv-2","10":"first","11":"instock","12":"taxable","13":"shipping-taxable","14":"product-type-simple"},"aioseo_notices":[],"_links":{"self":[{"href":"https:\/\/games.tactic.net\/da\/wp-json\/wp\/v2\/product\/122545","targetHints":{"allow":["GET"]}}],"collection":[{"href":"https:\/\/games.tactic.net\/da\/wp-json\/wp\/v2\/product"}],"about":[{"href":"https:\/\/games.tactic.net\/da\/wp-json\/wp\/v2\/types\/product"}],"wp:attachment":[{"href":"https:\/\/games.tactic.net\/da\/wp-json\/wp\/v2\/media?parent=122545"}],"wp:term":[{"taxonomy":"product_brand","embeddable":true,"href":"https:\/\/games.tactic.net\/da\/wp-json\/wp\/v2\/product_brand?post=122545"},{"taxonomy":"product_cat","embeddable":true,"href":"https:\/\/games.tactic.net\/da\/wp-json\/wp\/v2\/product_cat?post=122545"},{"taxonomy":"product_tag","embeddable":true,"href":"https:\/\/games.tactic.net\/da\/wp-json\/wp\/v2\/product_tag?post=122545"},{"taxonomy":"brand","embeddable":true,"href":"https:\/\/games.tactic.net\/da\/wp-json\/wp\/v2\/brand?post=122545"},{"taxonomy":"target-group","embeddable":true,"href":"https:\/\/games.tactic.net\/da\/wp-json\/wp\/v2\/target-group?post=122545"},{"taxonomy":"discontinued","embeddable":true,"href":"https:\/\/games.tactic.net\/da\/wp-json\/wp\/v2\/discontinued?post=122545"}],"curies":[{"name":"wp","href":"https:\/\/api.w.org\/{rel}","templated":true}]}}