{"id":122529,"date":"2021-08-11T14:47:59","date_gmt":"2021-08-11T11:47:59","guid":{"rendered":"http:\/\/dev.tactic.net\/tuote\/trendy-solitaire\/"},"modified":"2026-01-19T10:59:47","modified_gmt":"2026-01-19T08:59:47","slug":"trendy-solitaire","status":"archive","type":"product","link":"https:\/\/games.tactic.net\/da\/tuote\/trendy-solitaire\/","title":{"rendered":"Tactic Trendy Solitaire"},"content":{"rendered":"<p>Klassisk spil, der kan spilles p\u00e5 mange m\u00e5der. S\u00e6t de 32 kugler p\u00e5 spillepladen og lad hullet i midten v\u00e6re tilbage. Ved hvert tr\u00e6k skal man hoppe en kugle over og ned i et tomt hul. Man fjerner s\u00e5 den kugle, som man springer over. M\u00e5let er at fjerne s\u00e5 mange kugler som muligt.<\/p>\n","protected":false},"excerpt":{"rendered":"<p>Klassisk spil, der kan spilles p\u00e5 mange m\u00e5der. S\u00e6t de 32 kugler p\u00e5 spillepladen og lad hullet i midten v\u00e6re tilbage. Ved hvert tr\u00e6k skal man hoppe en kugle over og ned i et tomt hul. Man fjerner s\u00e5 den kugle, som man springer over. M\u00e5let er at fjerne s\u00e5 mange kugler som muligt.<\/p>\n","protected":false},"featured_media":0,"template":"","meta":{"content-type":"","_monsterinsights_skip_tracking":false,"_monsterinsights_sitenote_active":false,"_monsterinsights_sitenote_note":"","_monsterinsights_sitenote_category":0},"product_brand":[],"product_cat":[1601,1609],"product_tag":[1237],"brand":[],"target-group":[],"discontinued":[],"class_list":{"0":"post-122529","1":"product","2":"type-product","3":"status-archive","5":"product_cat-klassiske-spil-familiespil","6":"product_cat-klassiske-spil-voksenspil","7":"product_tag-strategi-da","9":"first","10":"outofstock","11":"taxable","12":"shipping-taxable","13":"product-type-simple"},"aioseo_notices":[],"_links":{"self":[{"href":"https:\/\/games.tactic.net\/da\/wp-json\/wp\/v2\/product\/122529","targetHints":{"allow":["GET"]}}],"collection":[{"href":"https:\/\/games.tactic.net\/da\/wp-json\/wp\/v2\/product"}],"about":[{"href":"https:\/\/games.tactic.net\/da\/wp-json\/wp\/v2\/types\/product"}],"wp:attachment":[{"href":"https:\/\/games.tactic.net\/da\/wp-json\/wp\/v2\/media?parent=122529"}],"wp:term":[{"taxonomy":"product_brand","embeddable":true,"href":"https:\/\/games.tactic.net\/da\/wp-json\/wp\/v2\/product_brand?post=122529"},{"taxonomy":"product_cat","embeddable":true,"href":"https:\/\/games.tactic.net\/da\/wp-json\/wp\/v2\/product_cat?post=122529"},{"taxonomy":"product_tag","embeddable":true,"href":"https:\/\/games.tactic.net\/da\/wp-json\/wp\/v2\/product_tag?post=122529"},{"taxonomy":"brand","embeddable":true,"href":"https:\/\/games.tactic.net\/da\/wp-json\/wp\/v2\/brand?post=122529"},{"taxonomy":"target-group","embeddable":true,"href":"https:\/\/games.tactic.net\/da\/wp-json\/wp\/v2\/target-group?post=122529"},{"taxonomy":"discontinued","embeddable":true,"href":"https:\/\/games.tactic.net\/da\/wp-json\/wp\/v2\/discontinued?post=122529"}],"curies":[{"name":"wp","href":"https:\/\/api.w.org\/{rel}","templated":true}]}}