{"id":122527,"date":"2021-08-11T14:43:22","date_gmt":"2021-08-11T11:43:22","guid":{"rendered":"http:\/\/dev.tactic.net\/tuote\/yatzy-med-traeterninger-2\/"},"modified":"2026-02-19T10:47:16","modified_gmt":"2026-02-19T08:47:16","slug":"yatzy-med-traeterninger-2","status":"archive","type":"product","link":"https:\/\/games.tactic.net\/da\/tuote\/yatzy-med-traeterninger-2\/","title":{"rendered":"Tactic Yatzy med tr\u00e6terninger"},"content":{"rendered":"<p>Hvis din samling af spil mangler en tidl\u00f8s og stilfuld klassiker, som du altid vender tilbage til, skal du skaffe et Yatzy spil. Ved hver tur f\u00e5r spillerne tre chancer til at kaste de forskellige kombinationer med fem terninger og samle flest point. For at vinde i Yatzy kr\u00e6ves held og lidt strategi, og det ene spil f\u00f8rer altid videre til det n\u00e6ste, og n\u00e6ste&#8230;<\/p>\n","protected":false},"excerpt":{"rendered":"<p>Hvis din samling af spil mangler en tidl\u00f8s og stilfuld klassiker, som du altid vender tilbage til, skal du skaffe et Yatzy spil. Ved hver tur f\u00e5r spillerne tre chancer til at kaste de forskellige kombinationer med fem terninger og samle flest point. For at vinde i Yatzy kr\u00e6ves held og lidt strategi, og det [&hellip;]<\/p>\n","protected":false},"featured_media":0,"template":"","meta":{"content-type":"","_monsterinsights_skip_tracking":false,"_monsterinsights_sitenote_active":false,"_monsterinsights_sitenote_note":"","_monsterinsights_sitenote_category":0},"product_brand":[],"product_cat":[359,1613],"product_tag":[1241,1002],"brand":[],"target-group":[],"discontinued":[],"class_list":{"0":"post-122527","1":"product","2":"type-product","3":"status-archive","5":"product_cat-kort-og-terningspil","6":"product_cat-terning-og-kortspil","7":"product_tag-beregning-da","8":"product_tag-held","10":"first","11":"outofstock","12":"taxable","13":"shipping-taxable","14":"product-type-simple"},"aioseo_notices":[],"_links":{"self":[{"href":"https:\/\/games.tactic.net\/da\/wp-json\/wp\/v2\/product\/122527","targetHints":{"allow":["GET"]}}],"collection":[{"href":"https:\/\/games.tactic.net\/da\/wp-json\/wp\/v2\/product"}],"about":[{"href":"https:\/\/games.tactic.net\/da\/wp-json\/wp\/v2\/types\/product"}],"wp:attachment":[{"href":"https:\/\/games.tactic.net\/da\/wp-json\/wp\/v2\/media?parent=122527"}],"wp:term":[{"taxonomy":"product_brand","embeddable":true,"href":"https:\/\/games.tactic.net\/da\/wp-json\/wp\/v2\/product_brand?post=122527"},{"taxonomy":"product_cat","embeddable":true,"href":"https:\/\/games.tactic.net\/da\/wp-json\/wp\/v2\/product_cat?post=122527"},{"taxonomy":"product_tag","embeddable":true,"href":"https:\/\/games.tactic.net\/da\/wp-json\/wp\/v2\/product_tag?post=122527"},{"taxonomy":"brand","embeddable":true,"href":"https:\/\/games.tactic.net\/da\/wp-json\/wp\/v2\/brand?post=122527"},{"taxonomy":"target-group","embeddable":true,"href":"https:\/\/games.tactic.net\/da\/wp-json\/wp\/v2\/target-group?post=122527"},{"taxonomy":"discontinued","embeddable":true,"href":"https:\/\/games.tactic.net\/da\/wp-json\/wp\/v2\/discontinued?post=122527"}],"curies":[{"name":"wp","href":"https:\/\/api.w.org\/{rel}","templated":true}]}}