{"id":122481,"date":"2021-08-11T14:03:49","date_gmt":"2021-08-11T11:03:49","guid":{"rendered":"http:\/\/dev.tactic.net\/tuote\/gerningssted-brooklyn\/"},"modified":"2022-04-29T09:37:29","modified_gmt":"2022-04-29T06:37:29","slug":"gerningssted-brooklyn","status":"publish","type":"product","link":"https:\/\/games.tactic.net\/da\/tuote\/gerningssted-brooklyn\/","title":{"rendered":"Gamestorm Crime Scene Brooklyn 2002"},"content":{"rendered":"<p>Der er beg\u00e5et en forbrydelse, og det er op til dig at opklare sagen. Crime Scene tager spillerne til pladsen, hvor en frygtelig forbrydelse er beg\u00e5et. Spillerne f\u00f8lger historien og optr\u00e6der som detektiver, der skal efterforske, samle beviser og opklare hvem den skyldige er. Uden tidsbegr\u00e6nsning kan spillerne bruge den forn\u00f8dne tid og indlede efterforskningen, der starter p\u00e5 et snusket hotelv\u00e6relse i Brooklyn, New York.<\/p>\n","protected":false},"excerpt":{"rendered":"<p>Der er beg\u00e5et en forbrydelse, og det er op til dig at opklare sagen. Crime Scene tager spillerne til pladsen, hvor en frygtelig forbrydelse er beg\u00e5et. Spillerne f\u00f8lger historien og optr\u00e6der som detektiver, der skal efterforske, samle beviser og opklare hvem den skyldige er. Uden tidsbegr\u00e6nsning kan spillerne bruge den forn\u00f8dne tid og indlede efterforskningen, [&hellip;]<\/p>\n","protected":false},"featured_media":0,"template":"","meta":{"content-type":"","_monsterinsights_skip_tracking":false,"_monsterinsights_sitenote_active":false,"_monsterinsights_sitenote_note":"","_monsterinsights_sitenote_category":0},"product_brand":[],"product_cat":[1632],"product_tag":[1232,1266],"brand":[{"id":885,"name":"Gamestorm Studio","slug":"gamestormstudio-da"}],"target-group":[],"discontinued":[],"class_list":{"0":"post-122481","1":"product","2":"type-product","3":"status-publish","5":"product_cat-18-voksenspil","6":"product_tag-kombinere-da","7":"product_tag-problemlosning-da","8":"brand-gamestormstudio-da","10":"first","11":"instock","12":"taxable","13":"shipping-taxable","14":"product-type-simple"},"aioseo_notices":[],"_links":{"self":[{"href":"https:\/\/games.tactic.net\/da\/wp-json\/wp\/v2\/product\/122481","targetHints":{"allow":["GET"]}}],"collection":[{"href":"https:\/\/games.tactic.net\/da\/wp-json\/wp\/v2\/product"}],"about":[{"href":"https:\/\/games.tactic.net\/da\/wp-json\/wp\/v2\/types\/product"}],"wp:attachment":[{"href":"https:\/\/games.tactic.net\/da\/wp-json\/wp\/v2\/media?parent=122481"}],"wp:term":[{"taxonomy":"product_brand","embeddable":true,"href":"https:\/\/games.tactic.net\/da\/wp-json\/wp\/v2\/product_brand?post=122481"},{"taxonomy":"product_cat","embeddable":true,"href":"https:\/\/games.tactic.net\/da\/wp-json\/wp\/v2\/product_cat?post=122481"},{"taxonomy":"product_tag","embeddable":true,"href":"https:\/\/games.tactic.net\/da\/wp-json\/wp\/v2\/product_tag?post=122481"},{"taxonomy":"brand","embeddable":true,"href":"https:\/\/games.tactic.net\/da\/wp-json\/wp\/v2\/brand?post=122481"},{"taxonomy":"target-group","embeddable":true,"href":"https:\/\/games.tactic.net\/da\/wp-json\/wp\/v2\/target-group?post=122481"},{"taxonomy":"discontinued","embeddable":true,"href":"https:\/\/games.tactic.net\/da\/wp-json\/wp\/v2\/discontinued?post=122481"}],"curies":[{"name":"wp","href":"https:\/\/api.w.org\/{rel}","templated":true}]}}