{"id":122480,"date":"2021-08-11T14:02:39","date_gmt":"2021-08-11T11:02:39","guid":{"rendered":"http:\/\/dev.tactic.net\/tuote\/gerningssted-moskva\/"},"modified":"2022-04-29T09:27:38","modified_gmt":"2022-04-29T06:27:38","slug":"gerningssted-moskva","status":"publish","type":"product","link":"https:\/\/games.tactic.net\/da\/tuote\/gerningssted-moskva\/","title":{"rendered":"Gamestorm Crime Scene Moskva 1989"},"content":{"rendered":"<p>Der er beg\u00e5et en forbrydelse, og det er op til dig at opklare sagen. Crime Scene tager spillerne til pladsen, hvor en frygtelig forbrydelse er beg\u00e5et. Spillerne f\u00f8lger historien og optr\u00e6der som detektiver, der skal efterforske, samle beviser og opklare hvem den skyldige er. Uden tidsbegr\u00e6nsning kan spillerne bruge den forn\u00f8dne tid og indlede efterforskningen i den skumle del af Moskva.<\/p>\n","protected":false},"excerpt":{"rendered":"<p>Der er beg\u00e5et en forbrydelse, og det er op til dig at opklare sagen. Crime Scene tager spillerne til pladsen, hvor en frygtelig forbrydelse er beg\u00e5et. Spillerne f\u00f8lger historien og optr\u00e6der som detektiver, der skal efterforske, samle beviser og opklare hvem den skyldige er. Uden tidsbegr\u00e6nsning kan spillerne bruge den forn\u00f8dne tid og indlede efterforskningen [&hellip;]<\/p>\n","protected":false},"featured_media":0,"template":"","meta":{"content-type":"","_monsterinsights_skip_tracking":false,"_monsterinsights_sitenote_active":false,"_monsterinsights_sitenote_note":"","_monsterinsights_sitenote_category":0},"product_brand":[],"product_cat":[1632],"product_tag":[1232,1266],"brand":[{"id":885,"name":"Gamestorm Studio","slug":"gamestormstudio-da"}],"target-group":[],"discontinued":[],"class_list":{"0":"post-122480","1":"product","2":"type-product","3":"status-publish","5":"product_cat-18-voksenspil","6":"product_tag-kombinere-da","7":"product_tag-problemlosning-da","8":"brand-gamestormstudio-da","10":"first","11":"instock","12":"taxable","13":"shipping-taxable","14":"product-type-simple"},"aioseo_notices":[],"_links":{"self":[{"href":"https:\/\/games.tactic.net\/da\/wp-json\/wp\/v2\/product\/122480","targetHints":{"allow":["GET"]}}],"collection":[{"href":"https:\/\/games.tactic.net\/da\/wp-json\/wp\/v2\/product"}],"about":[{"href":"https:\/\/games.tactic.net\/da\/wp-json\/wp\/v2\/types\/product"}],"wp:attachment":[{"href":"https:\/\/games.tactic.net\/da\/wp-json\/wp\/v2\/media?parent=122480"}],"wp:term":[{"taxonomy":"product_brand","embeddable":true,"href":"https:\/\/games.tactic.net\/da\/wp-json\/wp\/v2\/product_brand?post=122480"},{"taxonomy":"product_cat","embeddable":true,"href":"https:\/\/games.tactic.net\/da\/wp-json\/wp\/v2\/product_cat?post=122480"},{"taxonomy":"product_tag","embeddable":true,"href":"https:\/\/games.tactic.net\/da\/wp-json\/wp\/v2\/product_tag?post=122480"},{"taxonomy":"brand","embeddable":true,"href":"https:\/\/games.tactic.net\/da\/wp-json\/wp\/v2\/brand?post=122480"},{"taxonomy":"target-group","embeddable":true,"href":"https:\/\/games.tactic.net\/da\/wp-json\/wp\/v2\/target-group?post=122480"},{"taxonomy":"discontinued","embeddable":true,"href":"https:\/\/games.tactic.net\/da\/wp-json\/wp\/v2\/discontinued?post=122480"}],"curies":[{"name":"wp","href":"https:\/\/api.w.org\/{rel}","templated":true}]}}