{"id":122477,"date":"2021-08-11T13:58:34","date_gmt":"2021-08-11T10:58:34","guid":{"rendered":"http:\/\/dev.tactic.net\/tuote\/gift-game-ja-eller-nej\/"},"modified":"2024-10-29T12:19:58","modified_gmt":"2024-10-29T10:19:58","slug":"gift-game-ja-eller-nej","status":"archive","type":"product","link":"https:\/\/games.tactic.net\/da\/tuote\/gift-game-ja-eller-nej\/","title":{"rendered":"Gamestorm Gift Game Ja eller nej?"},"content":{"rendered":"<p>I dette spil er det nemt at svare \u2013 du l\u00e6gger bare et JA eller NEJ kort p\u00e5 bordet, efter du har h\u00f8rt sp\u00f8rgsm\u00e5let. Rigtigt svar giver et kort, og f\u00f8rste spiller med 5 kort vinder.<\/p>\n","protected":false},"excerpt":{"rendered":"<p>I dette spil er det nemt at svare \u2013 du l\u00e6gger bare et JA eller NEJ kort p\u00e5 bordet, efter du har h\u00f8rt sp\u00f8rgsm\u00e5let. Rigtigt svar giver et kort, og f\u00f8rste spiller med 5 kort vinder.<\/p>\n","protected":false},"featured_media":0,"template":"","meta":{"content-type":"","_monsterinsights_skip_tracking":false,"_monsterinsights_sitenote_active":false,"_monsterinsights_sitenote_note":"","_monsterinsights_sitenote_category":0},"product_brand":[],"product_cat":[1582],"product_tag":[969],"brand":[],"target-group":[],"discontinued":[],"class_list":{"0":"post-122477","1":"product","2":"type-product","3":"status-archive","5":"product_cat-selskabsspil-voksenspil","6":"product_tag-tidsfordriv-2","8":"first","9":"outofstock","10":"taxable","11":"shipping-taxable","12":"product-type-simple"},"aioseo_notices":[],"_links":{"self":[{"href":"https:\/\/games.tactic.net\/da\/wp-json\/wp\/v2\/product\/122477","targetHints":{"allow":["GET"]}}],"collection":[{"href":"https:\/\/games.tactic.net\/da\/wp-json\/wp\/v2\/product"}],"about":[{"href":"https:\/\/games.tactic.net\/da\/wp-json\/wp\/v2\/types\/product"}],"wp:attachment":[{"href":"https:\/\/games.tactic.net\/da\/wp-json\/wp\/v2\/media?parent=122477"}],"wp:term":[{"taxonomy":"product_brand","embeddable":true,"href":"https:\/\/games.tactic.net\/da\/wp-json\/wp\/v2\/product_brand?post=122477"},{"taxonomy":"product_cat","embeddable":true,"href":"https:\/\/games.tactic.net\/da\/wp-json\/wp\/v2\/product_cat?post=122477"},{"taxonomy":"product_tag","embeddable":true,"href":"https:\/\/games.tactic.net\/da\/wp-json\/wp\/v2\/product_tag?post=122477"},{"taxonomy":"brand","embeddable":true,"href":"https:\/\/games.tactic.net\/da\/wp-json\/wp\/v2\/brand?post=122477"},{"taxonomy":"target-group","embeddable":true,"href":"https:\/\/games.tactic.net\/da\/wp-json\/wp\/v2\/target-group?post=122477"},{"taxonomy":"discontinued","embeddable":true,"href":"https:\/\/games.tactic.net\/da\/wp-json\/wp\/v2\/discontinued?post=122477"}],"curies":[{"name":"wp","href":"https:\/\/api.w.org\/{rel}","templated":true}]}}