{"id":122434,"date":"2021-08-11T13:57:48","date_gmt":"2021-08-11T10:57:48","guid":{"rendered":"http:\/\/dev.tactic.net\/tuote\/gift-game-skoere-love\/"},"modified":"2023-10-25T14:40:09","modified_gmt":"2023-10-25T11:40:09","slug":"gift-game-skoere-love","status":"publish","type":"product","link":"https:\/\/games.tactic.net\/da\/tuote\/gift-game-skoere-love\/","title":{"rendered":"Gamestorm Gift Game Sk\u00f8re love"},"content":{"rendered":"<p>Verden er fuld af love, og nogle af dem er virkelig sk\u00f8re. Det er op til dig at g\u00e6tte, hvilke som er sande eller falske. F\u00f8rste spiller med rigtigt svar f\u00e5r et kort. F\u00f8rste med 5 kort vinder spillet.<\/p>\n","protected":false},"excerpt":{"rendered":"<p>Verden er fuld af love, og nogle af dem er virkelig sk\u00f8re. Det er op til dig at g\u00e6tte, hvilke som er sande eller falske. F\u00f8rste spiller med rigtigt svar f\u00e5r et kort. F\u00f8rste med 5 kort vinder spillet.<\/p>\n","protected":false},"featured_media":0,"template":"","meta":{"content-type":"","_monsterinsights_skip_tracking":false,"_monsterinsights_sitenote_active":false,"_monsterinsights_sitenote_note":"","_monsterinsights_sitenote_category":0},"product_brand":[],"product_cat":[1582],"product_tag":[969],"brand":[],"target-group":[],"discontinued":[],"class_list":{"0":"post-122434","1":"product","2":"type-product","3":"status-publish","5":"product_cat-selskabsspil-voksenspil","6":"product_tag-tidsfordriv-2","8":"first","9":"instock","10":"taxable","11":"shipping-taxable","12":"product-type-simple"},"aioseo_notices":[],"_links":{"self":[{"href":"https:\/\/games.tactic.net\/da\/wp-json\/wp\/v2\/product\/122434","targetHints":{"allow":["GET"]}}],"collection":[{"href":"https:\/\/games.tactic.net\/da\/wp-json\/wp\/v2\/product"}],"about":[{"href":"https:\/\/games.tactic.net\/da\/wp-json\/wp\/v2\/types\/product"}],"wp:attachment":[{"href":"https:\/\/games.tactic.net\/da\/wp-json\/wp\/v2\/media?parent=122434"}],"wp:term":[{"taxonomy":"product_brand","embeddable":true,"href":"https:\/\/games.tactic.net\/da\/wp-json\/wp\/v2\/product_brand?post=122434"},{"taxonomy":"product_cat","embeddable":true,"href":"https:\/\/games.tactic.net\/da\/wp-json\/wp\/v2\/product_cat?post=122434"},{"taxonomy":"product_tag","embeddable":true,"href":"https:\/\/games.tactic.net\/da\/wp-json\/wp\/v2\/product_tag?post=122434"},{"taxonomy":"brand","embeddable":true,"href":"https:\/\/games.tactic.net\/da\/wp-json\/wp\/v2\/brand?post=122434"},{"taxonomy":"target-group","embeddable":true,"href":"https:\/\/games.tactic.net\/da\/wp-json\/wp\/v2\/target-group?post=122434"},{"taxonomy":"discontinued","embeddable":true,"href":"https:\/\/games.tactic.net\/da\/wp-json\/wp\/v2\/discontinued?post=122434"}],"curies":[{"name":"wp","href":"https:\/\/api.w.org\/{rel}","templated":true}]}}