{"id":122348,"date":"2021-08-11T13:22:08","date_gmt":"2021-08-11T10:22:08","guid":{"rendered":"http:\/\/dev.tactic.net\/tuote\/masterchef-game-night-indisk\/"},"modified":"2023-07-21T08:55:37","modified_gmt":"2023-07-21T05:55:37","slug":"masterchef-game-night-indisk","status":"archive","type":"product","link":"https:\/\/games.tactic.net\/da\/tuote\/masterchef-game-night-indisk\/","title":{"rendered":"Tactic MasterChef Game Night Indisk"},"content":{"rendered":"<p>Sm\u00f8g \u00e6rmerne op og g\u00f8r dig klar! MasterChef udfordrer alle mere eller mindre erfarne hjemmekokke i en delikat indisk madkamp. I<br \/>\ndette hurtige minispil skal deltagerne samle p\u00e5 ingredienskort, som de skal bruge til at komponere den f\u00e6rdige mesterret ved spillets afslutning. For at vinde beh\u00f8ves en smule kreativitet og god sans for humor .<\/p>\n","protected":false},"excerpt":{"rendered":"<p>Sm\u00f8g \u00e6rmerne op og g\u00f8r dig klar! MasterChef udfordrer alle mere eller mindre erfarne hjemmekokke i en delikat indisk madkamp. I dette hurtige minispil skal deltagerne samle p\u00e5 ingredienskort, som de skal bruge til at komponere den f\u00e6rdige mesterret ved spillets afslutning. For at vinde beh\u00f8ves en smule kreativitet og god sans for humor .<\/p>\n","protected":false},"featured_media":0,"template":"","meta":{"content-type":"","_monsterinsights_skip_tracking":false,"_monsterinsights_sitenote_active":false,"_monsterinsights_sitenote_note":"","_monsterinsights_sitenote_category":0},"product_brand":[],"product_cat":[1455,1582],"product_tag":[895,969],"brand":[],"target-group":[],"discontinued":[],"class_list":{"0":"post-122348","1":"product","2":"type-product","3":"status-archive","5":"product_cat-braetspil","6":"product_cat-selskabsspil-voksenspil","7":"product_tag-taktik","8":"product_tag-tidsfordriv-2","10":"first","11":"instock","12":"taxable","13":"shipping-taxable","14":"product-type-simple"},"aioseo_notices":[],"_links":{"self":[{"href":"https:\/\/games.tactic.net\/da\/wp-json\/wp\/v2\/product\/122348","targetHints":{"allow":["GET"]}}],"collection":[{"href":"https:\/\/games.tactic.net\/da\/wp-json\/wp\/v2\/product"}],"about":[{"href":"https:\/\/games.tactic.net\/da\/wp-json\/wp\/v2\/types\/product"}],"wp:attachment":[{"href":"https:\/\/games.tactic.net\/da\/wp-json\/wp\/v2\/media?parent=122348"}],"wp:term":[{"taxonomy":"product_brand","embeddable":true,"href":"https:\/\/games.tactic.net\/da\/wp-json\/wp\/v2\/product_brand?post=122348"},{"taxonomy":"product_cat","embeddable":true,"href":"https:\/\/games.tactic.net\/da\/wp-json\/wp\/v2\/product_cat?post=122348"},{"taxonomy":"product_tag","embeddable":true,"href":"https:\/\/games.tactic.net\/da\/wp-json\/wp\/v2\/product_tag?post=122348"},{"taxonomy":"brand","embeddable":true,"href":"https:\/\/games.tactic.net\/da\/wp-json\/wp\/v2\/brand?post=122348"},{"taxonomy":"target-group","embeddable":true,"href":"https:\/\/games.tactic.net\/da\/wp-json\/wp\/v2\/target-group?post=122348"},{"taxonomy":"discontinued","embeddable":true,"href":"https:\/\/games.tactic.net\/da\/wp-json\/wp\/v2\/discontinued?post=122348"}],"curies":[{"name":"wp","href":"https:\/\/api.w.org\/{rel}","templated":true}]}}