{"id":122288,"date":"2021-08-11T13:16:37","date_gmt":"2021-08-11T10:16:37","guid":{"rendered":"http:\/\/dev.tactic.net\/tuote\/gift-game-hvem-er-jeg\/"},"modified":"2023-10-25T14:41:32","modified_gmt":"2023-10-25T11:41:32","slug":"gift-game-hvem-er-jeg","status":"publish","type":"product","link":"https:\/\/games.tactic.net\/da\/tuote\/gift-game-hvem-er-jeg\/","title":{"rendered":"Gamestorm Gift Game Hvem er jeg?"},"content":{"rendered":"<p>I dette sjove og alsidige spil, skal du mime, gestikulere, synge og forklare med egne ord. Spilleren, der har tur, tager et kort, tjekker bagsiden p\u00e5 n\u00e6ste kort, ser hvilken forklaringsmetode der g\u00e6lder og v\u00e6lger en opgave ud af fire. F\u00f8rste spiller med rigtigt g\u00e6t vinder et kort, og f\u00f8rste med 5 kort vinder spillet.<\/p>\n","protected":false},"excerpt":{"rendered":"<p>I dette sjove og alsidige spil, skal du mime, gestikulere, synge og forklare med egne ord. Spilleren, der har tur, tager et kort, tjekker bagsiden p\u00e5 n\u00e6ste kort, ser hvilken forklaringsmetode der g\u00e6lder og v\u00e6lger en opgave ud af fire. F\u00f8rste spiller med rigtigt g\u00e6t vinder et kort, og f\u00f8rste med 5 kort vinder spillet.<\/p>\n","protected":false},"featured_media":0,"template":"","meta":{"content-type":"","_monsterinsights_skip_tracking":false,"_monsterinsights_sitenote_active":false,"_monsterinsights_sitenote_note":"","_monsterinsights_sitenote_category":0},"product_brand":[],"product_cat":[1582],"product_tag":[1198],"brand":[],"target-group":[],"discontinued":[],"class_list":{"0":"post-122288","1":"product","2":"type-product","3":"status-publish","5":"product_cat-selskabsspil-voksenspil","6":"product_tag-viden","8":"first","9":"instock","10":"taxable","11":"shipping-taxable","12":"product-type-simple"},"aioseo_notices":[],"_links":{"self":[{"href":"https:\/\/games.tactic.net\/da\/wp-json\/wp\/v2\/product\/122288","targetHints":{"allow":["GET"]}}],"collection":[{"href":"https:\/\/games.tactic.net\/da\/wp-json\/wp\/v2\/product"}],"about":[{"href":"https:\/\/games.tactic.net\/da\/wp-json\/wp\/v2\/types\/product"}],"wp:attachment":[{"href":"https:\/\/games.tactic.net\/da\/wp-json\/wp\/v2\/media?parent=122288"}],"wp:term":[{"taxonomy":"product_brand","embeddable":true,"href":"https:\/\/games.tactic.net\/da\/wp-json\/wp\/v2\/product_brand?post=122288"},{"taxonomy":"product_cat","embeddable":true,"href":"https:\/\/games.tactic.net\/da\/wp-json\/wp\/v2\/product_cat?post=122288"},{"taxonomy":"product_tag","embeddable":true,"href":"https:\/\/games.tactic.net\/da\/wp-json\/wp\/v2\/product_tag?post=122288"},{"taxonomy":"brand","embeddable":true,"href":"https:\/\/games.tactic.net\/da\/wp-json\/wp\/v2\/brand?post=122288"},{"taxonomy":"target-group","embeddable":true,"href":"https:\/\/games.tactic.net\/da\/wp-json\/wp\/v2\/target-group?post=122288"},{"taxonomy":"discontinued","embeddable":true,"href":"https:\/\/games.tactic.net\/da\/wp-json\/wp\/v2\/discontinued?post=122288"}],"curies":[{"name":"wp","href":"https:\/\/api.w.org\/{rel}","templated":true}]}}