{"id":122203,"date":"2021-08-11T13:15:27","date_gmt":"2021-08-11T10:15:27","guid":{"rendered":"http:\/\/dev.tactic.net\/tuote\/gift-game-du-tror-du-kender-mig\/"},"modified":"2024-10-29T12:42:04","modified_gmt":"2024-10-29T10:42:04","slug":"gift-game-du-tror-du-kender-mig","status":"archive","type":"product","link":"https:\/\/games.tactic.net\/da\/tuote\/gift-game-du-tror-du-kender-mig\/","title":{"rendered":"Gamestorm Gift Game Du tror, du kender mig"},"content":{"rendered":"<p>Ved dine venner hvor du vil rejse hen p\u00e5 din dr\u00f8mmeferie, eller hvilken kendis du helst vil spise middag med? Test vennerne med alternative sp\u00f8rgsm\u00e5l og lad dem svare med deres svarkort. F\u00f8rste spiller med 5 kort vinder.<\/p>\n","protected":false},"excerpt":{"rendered":"<p>Ved dine venner hvor du vil rejse hen p\u00e5 din dr\u00f8mmeferie, eller hvilken kendis du helst vil spise middag med? Test vennerne med alternative sp\u00f8rgsm\u00e5l og lad dem svare med deres svarkort. F\u00f8rste spiller med 5 kort vinder.<\/p>\n","protected":false},"featured_media":0,"template":"","meta":{"content-type":"","_monsterinsights_skip_tracking":false,"_monsterinsights_sitenote_active":false,"_monsterinsights_sitenote_note":"","_monsterinsights_sitenote_category":0},"product_brand":[],"product_cat":[1582],"product_tag":[1198],"brand":[],"target-group":[],"discontinued":[],"class_list":{"0":"post-122203","1":"product","2":"type-product","3":"status-archive","5":"product_cat-selskabsspil-voksenspil","6":"product_tag-viden","8":"first","9":"outofstock","10":"taxable","11":"shipping-taxable","12":"product-type-simple"},"aioseo_notices":[],"_links":{"self":[{"href":"https:\/\/games.tactic.net\/da\/wp-json\/wp\/v2\/product\/122203","targetHints":{"allow":["GET"]}}],"collection":[{"href":"https:\/\/games.tactic.net\/da\/wp-json\/wp\/v2\/product"}],"about":[{"href":"https:\/\/games.tactic.net\/da\/wp-json\/wp\/v2\/types\/product"}],"wp:attachment":[{"href":"https:\/\/games.tactic.net\/da\/wp-json\/wp\/v2\/media?parent=122203"}],"wp:term":[{"taxonomy":"product_brand","embeddable":true,"href":"https:\/\/games.tactic.net\/da\/wp-json\/wp\/v2\/product_brand?post=122203"},{"taxonomy":"product_cat","embeddable":true,"href":"https:\/\/games.tactic.net\/da\/wp-json\/wp\/v2\/product_cat?post=122203"},{"taxonomy":"product_tag","embeddable":true,"href":"https:\/\/games.tactic.net\/da\/wp-json\/wp\/v2\/product_tag?post=122203"},{"taxonomy":"brand","embeddable":true,"href":"https:\/\/games.tactic.net\/da\/wp-json\/wp\/v2\/brand?post=122203"},{"taxonomy":"target-group","embeddable":true,"href":"https:\/\/games.tactic.net\/da\/wp-json\/wp\/v2\/target-group?post=122203"},{"taxonomy":"discontinued","embeddable":true,"href":"https:\/\/games.tactic.net\/da\/wp-json\/wp\/v2\/discontinued?post=122203"}],"curies":[{"name":"wp","href":"https:\/\/api.w.org\/{rel}","templated":true}]}}