{"id":122115,"date":"2021-08-11T13:11:57","date_gmt":"2021-08-11T10:11:57","guid":{"rendered":"http:\/\/dev.tactic.net\/tuote\/skal-vi-vaedde-udfordring\/"},"modified":"2022-03-22T13:18:40","modified_gmt":"2022-03-22T11:18:40","slug":"skal-vi-vaedde-udfordring","status":"archive","type":"product","link":"https:\/\/games.tactic.net\/da\/tuote\/skal-vi-vaedde-udfordring\/","title":{"rendered":"Skal vi v\u00e6dde udfordring"},"content":{"rendered":"<div class=\"page\" title=\"Page 20\">\n<div class=\"section\">\n<div class=\"layoutArea\">\n<div class=\"column\">\n<p><span style=\"font-size: 9.000000pt;font-family: 'MyriadPro'\">Det seneste medlem af Skal vi v\u00e6dde-serien sparker<br \/>\ndin spilaften i gang. Skal vi v\u00e6dde udfordring byder<br \/>\nspillerne p\u00e5 en glimrende mulighed for at vise, hvad<br \/>\nde kan, da alle f\u00e5r en masse vanvittige udfordringer.<br \/>\nDe andre spillere skal g\u00e6tte, hvem der klarer sig<br \/>\nbedst. Dette underholdende familiespil er fuld<\/span><span style=\"font-family: MyriadPro;font-size: 9pt\">af forskellige udfordringer, s\u00e5 I vil ikke kede jer et<br \/>\n\u00f8jeblik.<\/span><\/p>\n<\/p><\/div>\n<\/p><\/div>\n<\/p><\/div>\n<\/p><\/div>\n","protected":false},"excerpt":{"rendered":"<p>Det seneste medlem af Skal vi v\u00e6dde-serien sparker din spilaften i gang. Skal vi v\u00e6dde udfordring byder spillerne p\u00e5 en glimrende mulighed for at vise, hvad de kan, da alle f\u00e5r en masse vanvittige udfordringer. De andre spillere skal g\u00e6tte, hvem der klarer sig bedst. Dette underholdende familiespil er fuldaf forskellige udfordringer, s\u00e5 I vil [&hellip;]<\/p>\n","protected":false},"featured_media":0,"template":"","meta":{"content-type":"","_monsterinsights_skip_tracking":false,"_monsterinsights_sitenote_active":false,"_monsterinsights_sitenote_note":"","_monsterinsights_sitenote_category":0},"product_brand":[],"product_cat":[1586,1582],"product_tag":[1250,994],"brand":[],"target-group":[],"discontinued":[],"class_list":{"0":"post-122115","1":"product","2":"type-product","3":"status-archive","5":"product_cat-party-spil","6":"product_cat-selskabsspil-voksenspil","7":"product_tag-faerdighed-da","8":"product_tag-sammen","10":"first","11":"outofstock","12":"taxable","13":"shipping-taxable","14":"product-type-simple"},"aioseo_notices":[],"_links":{"self":[{"href":"https:\/\/games.tactic.net\/da\/wp-json\/wp\/v2\/product\/122115","targetHints":{"allow":["GET"]}}],"collection":[{"href":"https:\/\/games.tactic.net\/da\/wp-json\/wp\/v2\/product"}],"about":[{"href":"https:\/\/games.tactic.net\/da\/wp-json\/wp\/v2\/types\/product"}],"wp:attachment":[{"href":"https:\/\/games.tactic.net\/da\/wp-json\/wp\/v2\/media?parent=122115"}],"wp:term":[{"taxonomy":"product_brand","embeddable":true,"href":"https:\/\/games.tactic.net\/da\/wp-json\/wp\/v2\/product_brand?post=122115"},{"taxonomy":"product_cat","embeddable":true,"href":"https:\/\/games.tactic.net\/da\/wp-json\/wp\/v2\/product_cat?post=122115"},{"taxonomy":"product_tag","embeddable":true,"href":"https:\/\/games.tactic.net\/da\/wp-json\/wp\/v2\/product_tag?post=122115"},{"taxonomy":"brand","embeddable":true,"href":"https:\/\/games.tactic.net\/da\/wp-json\/wp\/v2\/brand?post=122115"},{"taxonomy":"target-group","embeddable":true,"href":"https:\/\/games.tactic.net\/da\/wp-json\/wp\/v2\/target-group?post=122115"},{"taxonomy":"discontinued","embeddable":true,"href":"https:\/\/games.tactic.net\/da\/wp-json\/wp\/v2\/discontinued?post=122115"}],"curies":[{"name":"wp","href":"https:\/\/api.w.org\/{rel}","templated":true}]}}