{"id":122070,"date":"2021-08-11T13:08:37","date_gmt":"2021-08-11T10:08:37","guid":{"rendered":"http:\/\/dev.tactic.net\/tuote\/midt-i-mellem\/"},"modified":"2023-09-22T09:49:08","modified_gmt":"2023-09-22T06:49:08","slug":"midt-i-mellem","status":"archive","type":"product","link":"https:\/\/games.tactic.net\/da\/tuote\/midt-i-mellem\/","title":{"rendered":"Midt i mellem"},"content":{"rendered":"<p>Hvem har sagt at det almindelige er kedeligt? For at vinde dette spil skal du holde dig p\u00e5 midten.<br \/>\nI Midt i mellem skal spillerne k\u00e6mpe om, hvis svar der er mest konsekvent middelm\u00e5dige. Spillet indeholder spildele, som kan aft\u00f8rres og 200 opgaver med langt mere end almindelig underholdning for alle.<\/p>\n","protected":false},"excerpt":{"rendered":"<p>Hvem har sagt at det almindelige er kedeligt? For at vinde dette spil skal du holde dig p\u00e5 midten. I Midt i mellem skal spillerne k\u00e6mpe om, hvis svar der er mest konsekvent middelm\u00e5dige. Spillet indeholder spildele, som kan aft\u00f8rres og 200 opgaver med langt mere end almindelig underholdning for alle.<\/p>\n","protected":false},"featured_media":0,"template":"","meta":{"content-type":"","_monsterinsights_skip_tracking":false,"_monsterinsights_sitenote_active":false,"_monsterinsights_sitenote_note":"","_monsterinsights_sitenote_category":0},"product_brand":[],"product_cat":[1455,1600],"product_tag":[1237,1198],"brand":[],"target-group":[],"discontinued":[],"class_list":{"0":"post-122070","1":"product","2":"type-product","3":"status-archive","5":"product_cat-braetspil","6":"product_cat-strategiske-spil-voksenspil","7":"product_tag-strategi-da","8":"product_tag-viden","10":"first","11":"outofstock","12":"taxable","13":"shipping-taxable","14":"product-type-simple"},"aioseo_notices":[],"_links":{"self":[{"href":"https:\/\/games.tactic.net\/da\/wp-json\/wp\/v2\/product\/122070","targetHints":{"allow":["GET"]}}],"collection":[{"href":"https:\/\/games.tactic.net\/da\/wp-json\/wp\/v2\/product"}],"about":[{"href":"https:\/\/games.tactic.net\/da\/wp-json\/wp\/v2\/types\/product"}],"wp:attachment":[{"href":"https:\/\/games.tactic.net\/da\/wp-json\/wp\/v2\/media?parent=122070"}],"wp:term":[{"taxonomy":"product_brand","embeddable":true,"href":"https:\/\/games.tactic.net\/da\/wp-json\/wp\/v2\/product_brand?post=122070"},{"taxonomy":"product_cat","embeddable":true,"href":"https:\/\/games.tactic.net\/da\/wp-json\/wp\/v2\/product_cat?post=122070"},{"taxonomy":"product_tag","embeddable":true,"href":"https:\/\/games.tactic.net\/da\/wp-json\/wp\/v2\/product_tag?post=122070"},{"taxonomy":"brand","embeddable":true,"href":"https:\/\/games.tactic.net\/da\/wp-json\/wp\/v2\/brand?post=122070"},{"taxonomy":"target-group","embeddable":true,"href":"https:\/\/games.tactic.net\/da\/wp-json\/wp\/v2\/target-group?post=122070"},{"taxonomy":"discontinued","embeddable":true,"href":"https:\/\/games.tactic.net\/da\/wp-json\/wp\/v2\/discontinued?post=122070"}],"curies":[{"name":"wp","href":"https:\/\/api.w.org\/{rel}","templated":true}]}}