{"id":122068,"date":"2021-08-11T12:51:51","date_gmt":"2021-08-11T09:51:51","guid":{"rendered":"http:\/\/dev.tactic.net\/tuote\/musikquizzen\/"},"modified":"2023-10-25T16:00:20","modified_gmt":"2023-10-25T13:00:20","slug":"musikquizzen","status":"publish","type":"product","link":"https:\/\/games.tactic.net\/da\/tuote\/musikquizzen\/","title":{"rendered":"Tactic Musikquizzen"},"content":{"rendered":"<p>Musikquizzen er et af DR P4\u00b4s allermest popul\u00e6re radioprogrammer. Nu kan du spille Muskquizzen hjemme hos dig selv, og teste din egen og vennernes viden om popul\u00e6rmusik! Spillet giver dig som noget nyt ogs\u00e5 mulighed for at quizze dine venner i din egen musiksamling. P4\u00b4s quizmaster Kenneth K har lavet samtlige 350 musiksp\u00f8rgsm\u00e5l til br\u00e6tspilsudgaven af det popul\u00e6re radioprogram.<\/p>\n","protected":false},"excerpt":{"rendered":"<p>Musikquizzen er et af DR P4\u00b4s allermest popul\u00e6re radioprogrammer. Nu kan du spille Muskquizzen hjemme hos dig selv, og teste din egen og vennernes viden om popul\u00e6rmusik! Spillet giver dig som noget nyt ogs\u00e5 mulighed for at quizze dine venner i din egen musiksamling. P4\u00b4s quizmaster Kenneth K har lavet samtlige 350 musiksp\u00f8rgsm\u00e5l til br\u00e6tspilsudgaven af det popul\u00e6re radioprogram.<\/p>\n","protected":false},"featured_media":0,"template":"","meta":{"content-type":"","_monsterinsights_skip_tracking":false,"_monsterinsights_sitenote_active":false,"_monsterinsights_sitenote_note":"","_monsterinsights_sitenote_category":0},"product_brand":[],"product_cat":[1588,1589],"product_tag":[1256,1198],"brand":[],"target-group":[],"discontinued":[],"class_list":{"0":"post-122068","1":"product","2":"type-product","3":"status-publish","5":"product_cat-quiz-spil-voksenspil","6":"product_cat-quiz-spil-familiespil","7":"product_tag-paedagogisk-da","8":"product_tag-viden","10":"first","11":"instock","12":"taxable","13":"shipping-taxable","14":"product-type-simple"},"aioseo_notices":[],"_links":{"self":[{"href":"https:\/\/games.tactic.net\/da\/wp-json\/wp\/v2\/product\/122068","targetHints":{"allow":["GET"]}}],"collection":[{"href":"https:\/\/games.tactic.net\/da\/wp-json\/wp\/v2\/product"}],"about":[{"href":"https:\/\/games.tactic.net\/da\/wp-json\/wp\/v2\/types\/product"}],"wp:attachment":[{"href":"https:\/\/games.tactic.net\/da\/wp-json\/wp\/v2\/media?parent=122068"}],"wp:term":[{"taxonomy":"product_brand","embeddable":true,"href":"https:\/\/games.tactic.net\/da\/wp-json\/wp\/v2\/product_brand?post=122068"},{"taxonomy":"product_cat","embeddable":true,"href":"https:\/\/games.tactic.net\/da\/wp-json\/wp\/v2\/product_cat?post=122068"},{"taxonomy":"product_tag","embeddable":true,"href":"https:\/\/games.tactic.net\/da\/wp-json\/wp\/v2\/product_tag?post=122068"},{"taxonomy":"brand","embeddable":true,"href":"https:\/\/games.tactic.net\/da\/wp-json\/wp\/v2\/brand?post=122068"},{"taxonomy":"target-group","embeddable":true,"href":"https:\/\/games.tactic.net\/da\/wp-json\/wp\/v2\/target-group?post=122068"},{"taxonomy":"discontinued","embeddable":true,"href":"https:\/\/games.tactic.net\/da\/wp-json\/wp\/v2\/discontinued?post=122068"}],"curies":[{"name":"wp","href":"https:\/\/api.w.org\/{rel}","templated":true}]}}