{"id":122038,"date":"2021-08-11T12:51:11","date_gmt":"2021-08-11T09:51:11","guid":{"rendered":"http:\/\/dev.tactic.net\/tuote\/alverdens-brands\/"},"modified":"2023-10-23T10:21:08","modified_gmt":"2023-10-23T07:21:08","slug":"alverdens-brands","status":"publish","type":"product","link":"https:\/\/games.tactic.net\/da\/tuote\/alverdens-brands\/","title":{"rendered":"Tactic Alverdens Brands"},"content":{"rendered":"<p>Kender du til verdens st\u00f8rste brands? Dette kompakte spil handler om ber\u00f8mte brands, der har p\u00e5virket alles liv. Hvert kort har et billede af et velkendt brand, et sp\u00f8rgsm\u00e5l om det, og nogle korte fakta om dets fascinerende historie. Ingen beh\u00f8ver at vente p\u00e5 sin tur, da alle spillere svarer p\u00e5 alle sp\u00f8rgsm\u00e5l samtidigt. Find ud af hvor meget du ved om Alverdens Brands.<\/p>\n","protected":false},"excerpt":{"rendered":"<p>Kender du til verdens st\u00f8rste brands? Dette kompakte spil handler om ber\u00f8mte brands, der har p\u00e5virket alles liv. Hvert kort har et billede af et velkendt brand, et sp\u00f8rgsm\u00e5l om det, og nogle korte fakta om dets fascinerende historie. Ingen beh\u00f8ver at vente p\u00e5 sin tur, da alle spillere svarer p\u00e5 alle sp\u00f8rgsm\u00e5l samtidigt. Find [&hellip;]<\/p>\n","protected":false},"featured_media":0,"template":"","meta":{"content-type":"","_monsterinsights_skip_tracking":false,"_monsterinsights_sitenote_active":false,"_monsterinsights_sitenote_note":"","_monsterinsights_sitenote_category":0},"product_brand":[],"product_cat":[1589,1588],"product_tag":[389,1198],"brand":[],"target-group":[],"discontinued":[],"class_list":{"0":"post-122038","1":"product","2":"type-product","3":"status-publish","5":"product_cat-quiz-spil-familiespil","6":"product_cat-quiz-spil-voksenspil","7":"product_tag-paedagogisk","8":"product_tag-viden","10":"first","11":"instock","12":"taxable","13":"shipping-taxable","14":"product-type-simple"},"aioseo_notices":[],"_links":{"self":[{"href":"https:\/\/games.tactic.net\/da\/wp-json\/wp\/v2\/product\/122038","targetHints":{"allow":["GET"]}}],"collection":[{"href":"https:\/\/games.tactic.net\/da\/wp-json\/wp\/v2\/product"}],"about":[{"href":"https:\/\/games.tactic.net\/da\/wp-json\/wp\/v2\/types\/product"}],"wp:attachment":[{"href":"https:\/\/games.tactic.net\/da\/wp-json\/wp\/v2\/media?parent=122038"}],"wp:term":[{"taxonomy":"product_brand","embeddable":true,"href":"https:\/\/games.tactic.net\/da\/wp-json\/wp\/v2\/product_brand?post=122038"},{"taxonomy":"product_cat","embeddable":true,"href":"https:\/\/games.tactic.net\/da\/wp-json\/wp\/v2\/product_cat?post=122038"},{"taxonomy":"product_tag","embeddable":true,"href":"https:\/\/games.tactic.net\/da\/wp-json\/wp\/v2\/product_tag?post=122038"},{"taxonomy":"brand","embeddable":true,"href":"https:\/\/games.tactic.net\/da\/wp-json\/wp\/v2\/brand?post=122038"},{"taxonomy":"target-group","embeddable":true,"href":"https:\/\/games.tactic.net\/da\/wp-json\/wp\/v2\/target-group?post=122038"},{"taxonomy":"discontinued","embeddable":true,"href":"https:\/\/games.tactic.net\/da\/wp-json\/wp\/v2\/discontinued?post=122038"}],"curies":[{"name":"wp","href":"https:\/\/api.w.org\/{rel}","templated":true}]}}