{"id":121981,"date":"2021-08-11T12:49:33","date_gmt":"2021-08-11T09:49:33","guid":{"rendered":"http:\/\/dev.tactic.net\/tuote\/danmark-trivia\/"},"modified":"2023-10-25T14:12:54","modified_gmt":"2023-10-25T11:12:54","slug":"danmark-trivia","status":"publish","type":"product","link":"https:\/\/games.tactic.net\/da\/tuote\/danmark-trivia\/","title":{"rendered":"Tactic Danmark Trivia"},"content":{"rendered":"<p>Ny og sp\u00e6ndende version med videreudviklet spilid\u00e9 og endnu flere underholdende sp\u00f8rgsm\u00e5l. Alle spiller samtidigt, og der er flere svar at v\u00e6lge mellem.<\/p>\n","protected":false},"excerpt":{"rendered":"<p>Ny og sp\u00e6ndende version med videreudviklet spilid\u00e9 og endnu flere underholdende sp\u00f8rgsm\u00e5l. Alle spiller samtidigt, og der er flere svar at v\u00e6lge mellem.<\/p>\n","protected":false},"featured_media":0,"template":"","meta":{"content-type":"","_monsterinsights_skip_tracking":false,"_monsterinsights_sitenote_active":false,"_monsterinsights_sitenote_note":"","_monsterinsights_sitenote_category":0},"product_brand":[],"product_cat":[1589,1588],"product_tag":[1256,1198],"brand":[],"target-group":[],"discontinued":[],"class_list":{"0":"post-121981","1":"product","2":"type-product","3":"status-publish","5":"product_cat-quiz-spil-familiespil","6":"product_cat-quiz-spil-voksenspil","7":"product_tag-paedagogisk-da","8":"product_tag-viden","10":"first","11":"instock","12":"taxable","13":"shipping-taxable","14":"product-type-simple"},"aioseo_notices":[],"_links":{"self":[{"href":"https:\/\/games.tactic.net\/da\/wp-json\/wp\/v2\/product\/121981","targetHints":{"allow":["GET"]}}],"collection":[{"href":"https:\/\/games.tactic.net\/da\/wp-json\/wp\/v2\/product"}],"about":[{"href":"https:\/\/games.tactic.net\/da\/wp-json\/wp\/v2\/types\/product"}],"wp:attachment":[{"href":"https:\/\/games.tactic.net\/da\/wp-json\/wp\/v2\/media?parent=121981"}],"wp:term":[{"taxonomy":"product_brand","embeddable":true,"href":"https:\/\/games.tactic.net\/da\/wp-json\/wp\/v2\/product_brand?post=121981"},{"taxonomy":"product_cat","embeddable":true,"href":"https:\/\/games.tactic.net\/da\/wp-json\/wp\/v2\/product_cat?post=121981"},{"taxonomy":"product_tag","embeddable":true,"href":"https:\/\/games.tactic.net\/da\/wp-json\/wp\/v2\/product_tag?post=121981"},{"taxonomy":"brand","embeddable":true,"href":"https:\/\/games.tactic.net\/da\/wp-json\/wp\/v2\/brand?post=121981"},{"taxonomy":"target-group","embeddable":true,"href":"https:\/\/games.tactic.net\/da\/wp-json\/wp\/v2\/target-group?post=121981"},{"taxonomy":"discontinued","embeddable":true,"href":"https:\/\/games.tactic.net\/da\/wp-json\/wp\/v2\/discontinued?post=121981"}],"curies":[{"name":"wp","href":"https:\/\/api.w.org\/{rel}","templated":true}]}}