{"id":121952,"date":"2021-08-11T12:48:45","date_gmt":"2021-08-11T09:48:45","guid":{"rendered":"http:\/\/dev.tactic.net\/tuote\/alverdens-popkultur\/"},"modified":"2023-10-25T16:29:57","modified_gmt":"2023-10-25T13:29:57","slug":"alverdens-popkultur","status":"publish","type":"product","link":"https:\/\/games.tactic.net\/da\/tuote\/alverdens-popkultur\/","title":{"rendered":"Tactic Alverdens popkultur"},"content":{"rendered":"<p>F\u00f8lger du med i popkulturens seneste trends? Dette kompakte spil handler om nutidens mest ber\u00f8mte f\u00e6nomener inden for popkulturen. Hvert kort har et billede af en kendt kunstner, et band eller et emne samt et sp\u00f8rgsm\u00e5l og nogle korte fakta med fascinerende historie. Ingen beh\u00f8ver at vente p\u00e5 sin tur, da alle spillere svarer p\u00e5 alle sp\u00f8rgsm\u00e5l samtidigt. Find ud af hvor meget du ved om Alverdens popkultur.<\/p>\n","protected":false},"excerpt":{"rendered":"<p>F\u00f8lger du med i popkulturens seneste trends? Dette kompakte spil handler om nutidens mest ber\u00f8mte f\u00e6nomener inden for popkulturen. Hvert kort har et billede af en kendt kunstner, et band eller et emne samt et sp\u00f8rgsm\u00e5l og nogle korte fakta med fascinerende historie. Ingen beh\u00f8ver at vente p\u00e5 sin tur, da alle spillere svarer p\u00e5 [&hellip;]<\/p>\n","protected":false},"featured_media":0,"template":"","meta":{"content-type":"","_monsterinsights_skip_tracking":false,"_monsterinsights_sitenote_active":false,"_monsterinsights_sitenote_note":"","_monsterinsights_sitenote_category":0},"product_brand":[],"product_cat":[1589,1588],"product_tag":[1256,1198],"brand":[],"target-group":[],"discontinued":[],"class_list":{"0":"post-121952","1":"product","2":"type-product","3":"status-publish","5":"product_cat-quiz-spil-familiespil","6":"product_cat-quiz-spil-voksenspil","7":"product_tag-paedagogisk-da","8":"product_tag-viden","10":"first","11":"instock","12":"taxable","13":"shipping-taxable","14":"product-type-simple"},"aioseo_notices":[],"_links":{"self":[{"href":"https:\/\/games.tactic.net\/da\/wp-json\/wp\/v2\/product\/121952","targetHints":{"allow":["GET"]}}],"collection":[{"href":"https:\/\/games.tactic.net\/da\/wp-json\/wp\/v2\/product"}],"about":[{"href":"https:\/\/games.tactic.net\/da\/wp-json\/wp\/v2\/types\/product"}],"wp:attachment":[{"href":"https:\/\/games.tactic.net\/da\/wp-json\/wp\/v2\/media?parent=121952"}],"wp:term":[{"taxonomy":"product_brand","embeddable":true,"href":"https:\/\/games.tactic.net\/da\/wp-json\/wp\/v2\/product_brand?post=121952"},{"taxonomy":"product_cat","embeddable":true,"href":"https:\/\/games.tactic.net\/da\/wp-json\/wp\/v2\/product_cat?post=121952"},{"taxonomy":"product_tag","embeddable":true,"href":"https:\/\/games.tactic.net\/da\/wp-json\/wp\/v2\/product_tag?post=121952"},{"taxonomy":"brand","embeddable":true,"href":"https:\/\/games.tactic.net\/da\/wp-json\/wp\/v2\/brand?post=121952"},{"taxonomy":"target-group","embeddable":true,"href":"https:\/\/games.tactic.net\/da\/wp-json\/wp\/v2\/target-group?post=121952"},{"taxonomy":"discontinued","embeddable":true,"href":"https:\/\/games.tactic.net\/da\/wp-json\/wp\/v2\/discontinued?post=121952"}],"curies":[{"name":"wp","href":"https:\/\/api.w.org\/{rel}","templated":true}]}}