{"id":121881,"date":"2021-08-11T12:46:59","date_gmt":"2021-08-11T09:46:59","guid":{"rendered":"http:\/\/dev.tactic.net\/tuote\/hvad-ved-du-om-danmark-junior\/"},"modified":"2023-06-30T12:36:37","modified_gmt":"2023-06-30T09:36:37","slug":"hvad-ved-du-om-danmark-junior","status":"archive","type":"product","link":"https:\/\/games.tactic.net\/da\/tuote\/hvad-ved-du-om-danmark-junior\/","title":{"rendered":"Hvad ved du om Danmark junior"},"content":{"rendered":"<p>Et morsomt og underholdende spil til alle nysgerrige b\u00f8rn. <\/p>\n<p> Dette er junior udgaven af det popul\u00e6re spil Hvad ved du om Danmark. Sp\u00f8rgsm\u00e5lene passer til b\u00f8rn fra 7 \u00e5r og op. Visse sp\u00f8rgsm\u00e5lene kan v\u00e6re super nemme for den tolv\u00e5rige, men lidt sv\u00e6rere for barnet p\u00e5 syv, dog handler hele spillet om noget, der intresserer de fleste b\u00f8rn.<\/p>\n","protected":false},"excerpt":{"rendered":"<p>Et morsomt og underholdende spil til alle nysgerrige b\u00f8rn. <\/p>\n<p> Dette er junior udgaven af det popul\u00e6re spil Hvad ved du om Danmark. Sp\u00f8rgsm\u00e5lene passer til b\u00f8rn fra 7 \u00e5r og op.<\/p>\n","protected":false},"featured_media":0,"template":"","meta":{"content-type":"","_monsterinsights_skip_tracking":false,"_monsterinsights_sitenote_active":false,"_monsterinsights_sitenote_note":"","_monsterinsights_sitenote_category":0},"product_brand":[],"product_cat":[1590,1589],"product_tag":[1256,1198],"brand":[],"target-group":[],"discontinued":[],"class_list":{"0":"post-121881","1":"product","2":"type-product","3":"status-archive","5":"product_cat-laeringsspil","6":"product_cat-quiz-spil-familiespil","7":"product_tag-paedagogisk-da","8":"product_tag-viden","10":"first","11":"outofstock","12":"taxable","13":"shipping-taxable","14":"product-type-simple"},"aioseo_notices":[],"_links":{"self":[{"href":"https:\/\/games.tactic.net\/da\/wp-json\/wp\/v2\/product\/121881","targetHints":{"allow":["GET"]}}],"collection":[{"href":"https:\/\/games.tactic.net\/da\/wp-json\/wp\/v2\/product"}],"about":[{"href":"https:\/\/games.tactic.net\/da\/wp-json\/wp\/v2\/types\/product"}],"wp:attachment":[{"href":"https:\/\/games.tactic.net\/da\/wp-json\/wp\/v2\/media?parent=121881"}],"wp:term":[{"taxonomy":"product_brand","embeddable":true,"href":"https:\/\/games.tactic.net\/da\/wp-json\/wp\/v2\/product_brand?post=121881"},{"taxonomy":"product_cat","embeddable":true,"href":"https:\/\/games.tactic.net\/da\/wp-json\/wp\/v2\/product_cat?post=121881"},{"taxonomy":"product_tag","embeddable":true,"href":"https:\/\/games.tactic.net\/da\/wp-json\/wp\/v2\/product_tag?post=121881"},{"taxonomy":"brand","embeddable":true,"href":"https:\/\/games.tactic.net\/da\/wp-json\/wp\/v2\/brand?post=121881"},{"taxonomy":"target-group","embeddable":true,"href":"https:\/\/games.tactic.net\/da\/wp-json\/wp\/v2\/target-group?post=121881"},{"taxonomy":"discontinued","embeddable":true,"href":"https:\/\/games.tactic.net\/da\/wp-json\/wp\/v2\/discontinued?post=121881"}],"curies":[{"name":"wp","href":"https:\/\/api.w.org\/{rel}","templated":true}]}}