{"id":121838,"date":"2021-08-11T12:46:07","date_gmt":"2021-08-11T09:46:07","guid":{"rendered":"http:\/\/dev.tactic.net\/tuote\/alverdens-omg\/"},"modified":"2023-10-25T16:30:20","modified_gmt":"2023-10-25T13:30:20","slug":"alverdens-omg","status":"publish","type":"product","link":"https:\/\/games.tactic.net\/da\/tuote\/alverdens-omg\/","title":{"rendered":"Tactic Alverdens OMG"},"content":{"rendered":"<p>Er du klar til overraskelser? Dette kompakte spil indeholder en masse m\u00e6rkelige og us\u00e6dvanlige ting fra hele kloden. Hvert kort har et billede af et underligt f\u00e6nomen eller emne, et sp\u00f8rgsm\u00e5l om det og nogle korte fakta om dets fascinerende historie. Ingen beh\u00f8ver at vente p\u00e5 sin tur, da alle spillere svarer p\u00e5 alle sp\u00f8rgsm\u00e5l samtidigt.Find ud af hvor meget du ved om alverdens m\u00e6rkv\u00e6rdigheder!<\/p>\n","protected":false},"excerpt":{"rendered":"<p>Er du klar til overraskelser? Dette kompakte spil indeholder en masse m\u00e6rkelige og us\u00e6dvanlige ting fra hele kloden. Hvert kort har et billede af et underligt f\u00e6nomen eller emne, et sp\u00f8rgsm\u00e5l om det og nogle korte fakta om dets fascinerende historie. Ingen beh\u00f8ver at vente p\u00e5 sin tur, da alle spillere svarer p\u00e5 alle sp\u00f8rgsm\u00e5l [&hellip;]<\/p>\n","protected":false},"featured_media":0,"template":"","meta":{"content-type":"","_monsterinsights_skip_tracking":false,"_monsterinsights_sitenote_active":false,"_monsterinsights_sitenote_note":"","_monsterinsights_sitenote_category":0},"product_brand":[],"product_cat":[1589,1588],"product_tag":[1256,1198],"brand":[],"target-group":[],"discontinued":[],"class_list":{"0":"post-121838","1":"product","2":"type-product","3":"status-publish","5":"product_cat-quiz-spil-familiespil","6":"product_cat-quiz-spil-voksenspil","7":"product_tag-paedagogisk-da","8":"product_tag-viden","10":"first","11":"instock","12":"taxable","13":"shipping-taxable","14":"product-type-simple"},"aioseo_notices":[],"_links":{"self":[{"href":"https:\/\/games.tactic.net\/da\/wp-json\/wp\/v2\/product\/121838","targetHints":{"allow":["GET"]}}],"collection":[{"href":"https:\/\/games.tactic.net\/da\/wp-json\/wp\/v2\/product"}],"about":[{"href":"https:\/\/games.tactic.net\/da\/wp-json\/wp\/v2\/types\/product"}],"wp:attachment":[{"href":"https:\/\/games.tactic.net\/da\/wp-json\/wp\/v2\/media?parent=121838"}],"wp:term":[{"taxonomy":"product_brand","embeddable":true,"href":"https:\/\/games.tactic.net\/da\/wp-json\/wp\/v2\/product_brand?post=121838"},{"taxonomy":"product_cat","embeddable":true,"href":"https:\/\/games.tactic.net\/da\/wp-json\/wp\/v2\/product_cat?post=121838"},{"taxonomy":"product_tag","embeddable":true,"href":"https:\/\/games.tactic.net\/da\/wp-json\/wp\/v2\/product_tag?post=121838"},{"taxonomy":"brand","embeddable":true,"href":"https:\/\/games.tactic.net\/da\/wp-json\/wp\/v2\/brand?post=121838"},{"taxonomy":"target-group","embeddable":true,"href":"https:\/\/games.tactic.net\/da\/wp-json\/wp\/v2\/target-group?post=121838"},{"taxonomy":"discontinued","embeddable":true,"href":"https:\/\/games.tactic.net\/da\/wp-json\/wp\/v2\/discontinued?post=121838"}],"curies":[{"name":"wp","href":"https:\/\/api.w.org\/{rel}","templated":true}]}}