{"id":121767,"date":"2021-08-11T12:43:33","date_gmt":"2021-08-11T09:43:33","guid":{"rendered":"http:\/\/dev.tactic.net\/tuote\/alverdens-arkitektur\/"},"modified":"2023-10-23T10:20:30","modified_gmt":"2023-10-23T07:20:30","slug":"alverdens-arkitektur","status":"publish","type":"product","link":"https:\/\/games.tactic.net\/da\/tuote\/alverdens-arkitektur\/","title":{"rendered":"Tactic Alverdens arkitektur"},"content":{"rendered":"<p>Er du vild med imponerende bygningsv\u00e6rker? Dette kompakte spil er propfuldt af kendte og nye arkitektoniske vidundere. Hvert kort har et billede af en ber\u00f8mt bygning, et sp\u00f8rgsm\u00e5l om den og nogle korte fakta om dens fascinerende historie. Ingen beh\u00f8ver at vente p\u00e5 sin tur, da alle spillere svarer p\u00e5 alle sp\u00f8rgsm\u00e5l samtidigt. Find ud af hvor meget du ved om Alverdens arkitektur.<\/p>\n","protected":false},"excerpt":{"rendered":"<p>Er du vild med imponerende bygningsv\u00e6rker? Dette kompakte spil er propfuldt af kendte og nye arkitektoniske vidundere. Hvert kort har et billede af en ber\u00f8mt bygning, et sp\u00f8rgsm\u00e5l om den og nogle korte fakta om dens fascinerende historie. Ingen beh\u00f8ver at vente p\u00e5 sin tur, da alle spillere svarer p\u00e5 alle sp\u00f8rgsm\u00e5l samtidigt. Find ud [&hellip;]<\/p>\n","protected":false},"featured_media":0,"template":"","meta":{"content-type":"","_monsterinsights_skip_tracking":false,"_monsterinsights_sitenote_active":false,"_monsterinsights_sitenote_note":"","_monsterinsights_sitenote_category":0},"product_brand":[],"product_cat":[1588],"product_tag":[1256,1198],"brand":[],"target-group":[],"discontinued":[],"class_list":{"0":"post-121767","1":"product","2":"type-product","3":"status-publish","5":"product_cat-quiz-spil-voksenspil","6":"product_tag-paedagogisk-da","7":"product_tag-viden","9":"first","10":"instock","11":"taxable","12":"shipping-taxable","13":"product-type-simple"},"aioseo_notices":[],"_links":{"self":[{"href":"https:\/\/games.tactic.net\/da\/wp-json\/wp\/v2\/product\/121767","targetHints":{"allow":["GET"]}}],"collection":[{"href":"https:\/\/games.tactic.net\/da\/wp-json\/wp\/v2\/product"}],"about":[{"href":"https:\/\/games.tactic.net\/da\/wp-json\/wp\/v2\/types\/product"}],"wp:attachment":[{"href":"https:\/\/games.tactic.net\/da\/wp-json\/wp\/v2\/media?parent=121767"}],"wp:term":[{"taxonomy":"product_brand","embeddable":true,"href":"https:\/\/games.tactic.net\/da\/wp-json\/wp\/v2\/product_brand?post=121767"},{"taxonomy":"product_cat","embeddable":true,"href":"https:\/\/games.tactic.net\/da\/wp-json\/wp\/v2\/product_cat?post=121767"},{"taxonomy":"product_tag","embeddable":true,"href":"https:\/\/games.tactic.net\/da\/wp-json\/wp\/v2\/product_tag?post=121767"},{"taxonomy":"brand","embeddable":true,"href":"https:\/\/games.tactic.net\/da\/wp-json\/wp\/v2\/brand?post=121767"},{"taxonomy":"target-group","embeddable":true,"href":"https:\/\/games.tactic.net\/da\/wp-json\/wp\/v2\/target-group?post=121767"},{"taxonomy":"discontinued","embeddable":true,"href":"https:\/\/games.tactic.net\/da\/wp-json\/wp\/v2\/discontinued?post=121767"}],"curies":[{"name":"wp","href":"https:\/\/api.w.org\/{rel}","templated":true}]}}