{"id":121710,"date":"2021-08-11T12:41:43","date_gmt":"2021-08-11T09:41:43","guid":{"rendered":"http:\/\/dev.tactic.net\/tuote\/verdens-vidundere\/"},"modified":"2023-10-25T16:11:45","modified_gmt":"2023-10-25T13:11:45","slug":"verdens-vidundere","status":"publish","type":"product","link":"https:\/\/games.tactic.net\/da\/tuote\/verdens-vidundere\/","title":{"rendered":"Tactic Verdens Vidundere"},"content":{"rendered":"<p>Rejs Jorden rundt og oplev nogle af verdens mest fantastiske og unikke steder. N\u00e5r det er din tur, skal du g\u00e6tte p\u00e5 ber\u00f8mte vidundere og placere dem p\u00e5 det rigtige kontinent. Hvis du ikke kan g\u00e6tte det, f\u00e5r du hj\u00e6lp af ledetr\u00e5dene.<\/p>\n","protected":false},"excerpt":{"rendered":"<p>Rejs Jorden rundt og oplev nogle af verdens mest fantastiske og unikke steder. N\u00e5r det er din tur, skal du g\u00e6tte p\u00e5 ber\u00f8mte vidundere og placere dem p\u00e5 det rigtige kontinent. Hvis du ikke kan g\u00e6tte det, f\u00e5r du hj\u00e6lp af ledetr\u00e5dene.<\/p>\n","protected":false},"featured_media":0,"template":"","meta":{"content-type":"","_monsterinsights_skip_tracking":false,"_monsterinsights_sitenote_active":false,"_monsterinsights_sitenote_note":"","_monsterinsights_sitenote_category":0},"product_brand":[],"product_cat":[1589],"product_tag":[1256,1198],"brand":[],"target-group":[],"discontinued":[],"class_list":{"0":"post-121710","1":"product","2":"type-product","3":"status-publish","5":"product_cat-quiz-spil-familiespil","6":"product_tag-paedagogisk-da","7":"product_tag-viden","9":"first","10":"instock","11":"taxable","12":"shipping-taxable","13":"product-type-simple"},"aioseo_notices":[],"_links":{"self":[{"href":"https:\/\/games.tactic.net\/da\/wp-json\/wp\/v2\/product\/121710","targetHints":{"allow":["GET"]}}],"collection":[{"href":"https:\/\/games.tactic.net\/da\/wp-json\/wp\/v2\/product"}],"about":[{"href":"https:\/\/games.tactic.net\/da\/wp-json\/wp\/v2\/types\/product"}],"wp:attachment":[{"href":"https:\/\/games.tactic.net\/da\/wp-json\/wp\/v2\/media?parent=121710"}],"wp:term":[{"taxonomy":"product_brand","embeddable":true,"href":"https:\/\/games.tactic.net\/da\/wp-json\/wp\/v2\/product_brand?post=121710"},{"taxonomy":"product_cat","embeddable":true,"href":"https:\/\/games.tactic.net\/da\/wp-json\/wp\/v2\/product_cat?post=121710"},{"taxonomy":"product_tag","embeddable":true,"href":"https:\/\/games.tactic.net\/da\/wp-json\/wp\/v2\/product_tag?post=121710"},{"taxonomy":"brand","embeddable":true,"href":"https:\/\/games.tactic.net\/da\/wp-json\/wp\/v2\/brand?post=121710"},{"taxonomy":"target-group","embeddable":true,"href":"https:\/\/games.tactic.net\/da\/wp-json\/wp\/v2\/target-group?post=121710"},{"taxonomy":"discontinued","embeddable":true,"href":"https:\/\/games.tactic.net\/da\/wp-json\/wp\/v2\/discontinued?post=121710"}],"curies":[{"name":"wp","href":"https:\/\/api.w.org\/{rel}","templated":true}]}}