{"id":121695,"date":"2021-08-11T12:40:35","date_gmt":"2021-08-11T09:40:35","guid":{"rendered":"http:\/\/dev.tactic.net\/tuote\/verdens-lande-og-flag\/"},"modified":"2025-11-25T10:47:08","modified_gmt":"2025-11-25T08:47:08","slug":"verdens-lande-og-flag","status":"publish","type":"product","link":"https:\/\/games.tactic.net\/da\/tuote\/verdens-lande-og-flag\/","title":{"rendered":"Tactic Verdens Lande og Flag"},"content":{"rendered":"<p>Ny opdateret version! Flag, lande og hovedst\u00e6der i hele verden! Flere forskellige m\u00e5der at spille p\u00e5 som kan tilpasses efter alder og viden.<\/p>\n<p><img decoding=\"async\" src=\"https:\\\\\\\\games.tactic.net\\\\pic\\\\logo\\\\Awarded_concept.png\"><img decoding=\"async\" src=\"https:\\\\\\\\games.tactic.net\\\\pic\\\\logo\\\\UK_2014_silver-winner-ribbon.png\"><\/p>\n","protected":false},"excerpt":{"rendered":"<p>Ny opdateret version! Flag, lande og hovedst\u00e6der i hele verden! Flere forskellige m\u00e5der at spille p\u00e5 som kan tilpasses efter alder og viden.<\/p>\n","protected":false},"featured_media":0,"template":"","meta":{"content-type":"","_monsterinsights_skip_tracking":false,"_monsterinsights_sitenote_active":false,"_monsterinsights_sitenote_note":"","_monsterinsights_sitenote_category":0},"product_brand":[],"product_cat":[1589],"product_tag":[1256,1198],"brand":[],"target-group":[],"discontinued":[],"class_list":{"0":"post-121695","1":"product","2":"type-product","3":"status-publish","5":"product_cat-quiz-spil-familiespil","6":"product_tag-paedagogisk-da","7":"product_tag-viden","9":"first","10":"instock","11":"taxable","12":"shipping-taxable","13":"product-type-simple"},"aioseo_notices":[],"_links":{"self":[{"href":"https:\/\/games.tactic.net\/da\/wp-json\/wp\/v2\/product\/121695","targetHints":{"allow":["GET"]}}],"collection":[{"href":"https:\/\/games.tactic.net\/da\/wp-json\/wp\/v2\/product"}],"about":[{"href":"https:\/\/games.tactic.net\/da\/wp-json\/wp\/v2\/types\/product"}],"wp:attachment":[{"href":"https:\/\/games.tactic.net\/da\/wp-json\/wp\/v2\/media?parent=121695"}],"wp:term":[{"taxonomy":"product_brand","embeddable":true,"href":"https:\/\/games.tactic.net\/da\/wp-json\/wp\/v2\/product_brand?post=121695"},{"taxonomy":"product_cat","embeddable":true,"href":"https:\/\/games.tactic.net\/da\/wp-json\/wp\/v2\/product_cat?post=121695"},{"taxonomy":"product_tag","embeddable":true,"href":"https:\/\/games.tactic.net\/da\/wp-json\/wp\/v2\/product_tag?post=121695"},{"taxonomy":"brand","embeddable":true,"href":"https:\/\/games.tactic.net\/da\/wp-json\/wp\/v2\/brand?post=121695"},{"taxonomy":"target-group","embeddable":true,"href":"https:\/\/games.tactic.net\/da\/wp-json\/wp\/v2\/target-group?post=121695"},{"taxonomy":"discontinued","embeddable":true,"href":"https:\/\/games.tactic.net\/da\/wp-json\/wp\/v2\/discontinued?post=121695"}],"curies":[{"name":"wp","href":"https:\/\/api.w.org\/{rel}","templated":true}]}}