{"id":121638,"date":"2021-08-11T12:39:41","date_gmt":"2021-08-11T09:39:41","guid":{"rendered":"http:\/\/dev.tactic.net\/tuote\/verdens-helte\/"},"modified":"2022-03-18T07:43:56","modified_gmt":"2022-03-18T05:43:56","slug":"verdens-helte","status":"publish","type":"product","link":"https:\/\/games.tactic.net\/da\/tuote\/verdens-helte\/","title":{"rendered":"Tactic Verdens Helte"},"content":{"rendered":"<p>Historieb\u00f8gerne er fulde af storartede kvinder og m\u00e6nd, som har sat deres pr\u00e6g p\u00e5 menneskeheden<br \/>\n\u2013 lige fra biler til antibiotika. Br\u00e6tspillet Verdens Helte handler om vigtige personer og deres arbejde, og spillerne samler point ved at genkende dem og svare korrekt p\u00e5 sp\u00f8rgsm\u00e5lene om disse fascinerende mennesker.<\/p>\n","protected":false},"excerpt":{"rendered":"<p>Historieb\u00f8gerne er fulde af storartede kvinder og m\u00e6nd, som har sat deres pr\u00e6g p\u00e5 menneskeheden \u2013 lige fra biler til antibiotika. Br\u00e6tspillet Verdens Helte handler om vigtige personer og deres arbejde, og spillerne samler point ved at genkende dem og svare korrekt p\u00e5 sp\u00f8rgsm\u00e5lene om disse fascinerende mennesker.<\/p>\n","protected":false},"featured_media":0,"template":"","meta":{"content-type":"","_monsterinsights_skip_tracking":false,"_monsterinsights_sitenote_active":false,"_monsterinsights_sitenote_note":"","_monsterinsights_sitenote_category":0},"product_brand":[],"product_cat":[1589,1588],"product_tag":[1256,1198],"brand":[],"target-group":[],"discontinued":[],"class_list":{"0":"post-121638","1":"product","2":"type-product","3":"status-publish","5":"product_cat-quiz-spil-familiespil","6":"product_cat-quiz-spil-voksenspil","7":"product_tag-paedagogisk-da","8":"product_tag-viden","10":"first","11":"instock","12":"taxable","13":"shipping-taxable","14":"product-type-simple"},"aioseo_notices":[],"_links":{"self":[{"href":"https:\/\/games.tactic.net\/da\/wp-json\/wp\/v2\/product\/121638","targetHints":{"allow":["GET"]}}],"collection":[{"href":"https:\/\/games.tactic.net\/da\/wp-json\/wp\/v2\/product"}],"about":[{"href":"https:\/\/games.tactic.net\/da\/wp-json\/wp\/v2\/types\/product"}],"wp:attachment":[{"href":"https:\/\/games.tactic.net\/da\/wp-json\/wp\/v2\/media?parent=121638"}],"wp:term":[{"taxonomy":"product_brand","embeddable":true,"href":"https:\/\/games.tactic.net\/da\/wp-json\/wp\/v2\/product_brand?post=121638"},{"taxonomy":"product_cat","embeddable":true,"href":"https:\/\/games.tactic.net\/da\/wp-json\/wp\/v2\/product_cat?post=121638"},{"taxonomy":"product_tag","embeddable":true,"href":"https:\/\/games.tactic.net\/da\/wp-json\/wp\/v2\/product_tag?post=121638"},{"taxonomy":"brand","embeddable":true,"href":"https:\/\/games.tactic.net\/da\/wp-json\/wp\/v2\/brand?post=121638"},{"taxonomy":"target-group","embeddable":true,"href":"https:\/\/games.tactic.net\/da\/wp-json\/wp\/v2\/target-group?post=121638"},{"taxonomy":"discontinued","embeddable":true,"href":"https:\/\/games.tactic.net\/da\/wp-json\/wp\/v2\/discontinued?post=121638"}],"curies":[{"name":"wp","href":"https:\/\/api.w.org\/{rel}","templated":true}]}}