{"id":121637,"date":"2021-08-11T12:38:06","date_gmt":"2021-08-11T09:38:06","guid":{"rendered":"http:\/\/dev.tactic.net\/tuote\/verdens-dyr\/"},"modified":"2023-10-25T14:09:10","modified_gmt":"2023-10-25T11:09:10","slug":"verdens-dyr","status":"publish","type":"product","link":"https:\/\/games.tactic.net\/da\/tuote\/verdens-dyr\/","title":{"rendered":"Tactic Verdens dyr"},"content":{"rendered":"<p>Dette sjove sp\u00f8rgespil tager dig med ud i verdens vilde natur. Rejs Jorden rundt, m\u00f8d sp\u00e6ndende vilde dyr og besvar sp\u00f8rgsm\u00e5l om dem. Spilleren med flest dyr p\u00e5 de rigtige kontinenter vinder spillet.<\/p>\n","protected":false},"excerpt":{"rendered":"<p>Dette sjove sp\u00f8rgespil tager dig med ud i verdens vilde natur. Rejs Jorden rundt, m\u00f8d sp\u00e6ndende vilde dyr og besvar sp\u00f8rgsm\u00e5l om dem. Spilleren med flest dyr p\u00e5 de rigtige kontinenter vinder spillet.<\/p>\n","protected":false},"featured_media":0,"template":"","meta":{"content-type":"","_monsterinsights_skip_tracking":false,"_monsterinsights_sitenote_active":false,"_monsterinsights_sitenote_note":"","_monsterinsights_sitenote_category":0},"product_brand":[],"product_cat":[1589],"product_tag":[389,1198],"brand":[],"target-group":[],"discontinued":[],"class_list":{"0":"post-121637","1":"product","2":"type-product","3":"status-publish","5":"product_cat-quiz-spil-familiespil","6":"product_tag-paedagogisk","7":"product_tag-viden","9":"first","10":"instock","11":"taxable","12":"shipping-taxable","13":"product-type-simple"},"aioseo_notices":[],"_links":{"self":[{"href":"https:\/\/games.tactic.net\/da\/wp-json\/wp\/v2\/product\/121637","targetHints":{"allow":["GET"]}}],"collection":[{"href":"https:\/\/games.tactic.net\/da\/wp-json\/wp\/v2\/product"}],"about":[{"href":"https:\/\/games.tactic.net\/da\/wp-json\/wp\/v2\/types\/product"}],"wp:attachment":[{"href":"https:\/\/games.tactic.net\/da\/wp-json\/wp\/v2\/media?parent=121637"}],"wp:term":[{"taxonomy":"product_brand","embeddable":true,"href":"https:\/\/games.tactic.net\/da\/wp-json\/wp\/v2\/product_brand?post=121637"},{"taxonomy":"product_cat","embeddable":true,"href":"https:\/\/games.tactic.net\/da\/wp-json\/wp\/v2\/product_cat?post=121637"},{"taxonomy":"product_tag","embeddable":true,"href":"https:\/\/games.tactic.net\/da\/wp-json\/wp\/v2\/product_tag?post=121637"},{"taxonomy":"brand","embeddable":true,"href":"https:\/\/games.tactic.net\/da\/wp-json\/wp\/v2\/brand?post=121637"},{"taxonomy":"target-group","embeddable":true,"href":"https:\/\/games.tactic.net\/da\/wp-json\/wp\/v2\/target-group?post=121637"},{"taxonomy":"discontinued","embeddable":true,"href":"https:\/\/games.tactic.net\/da\/wp-json\/wp\/v2\/discontinued?post=121637"}],"curies":[{"name":"wp","href":"https:\/\/api.w.org\/{rel}","templated":true}]}}