{"id":121607,"date":"2021-08-11T12:36:38","date_gmt":"2021-08-11T09:36:38","guid":{"rendered":"http:\/\/dev.tactic.net\/tuote\/alias-women-vs-men-dk\/"},"modified":"2023-09-27T12:27:02","modified_gmt":"2023-09-27T09:27:02","slug":"alias-women-vs-men-dk","status":"publish","type":"product","link":"https:\/\/games.tactic.net\/da\/tuote\/alias-women-vs-men-dk\/","title":{"rendered":"Tactic Alias Kvinder mod m\u00e6nd rejsespil"},"content":{"rendered":"<p>Ved du hvad det modsatte k\u00f8n t\u00e6nker? Forklar forskellige ord og pr\u00f8v at n\u00e5 i m\u00e5l f\u00f8rst.<\/p>\n","protected":false},"excerpt":{"rendered":"<p>Ved du hvad det modsatte k\u00f8n t\u00e6nker? Forklar forskellige ord og pr\u00f8v at n\u00e5 i m\u00e5l f\u00f8rst.<\/p>\n","protected":false},"featured_media":0,"template":"","meta":{"content-type":"","_monsterinsights_skip_tracking":false,"_monsterinsights_sitenote_active":false,"_monsterinsights_sitenote_note":"","_monsterinsights_sitenote_category":0},"product_brand":[],"product_cat":[1591],"product_tag":[1204],"brand":[{"id":647,"name":"Alias","slug":"alias_dk"}],"target-group":[],"discontinued":[],"class_list":{"0":"post-121607","1":"product","2":"type-product","3":"status-publish","5":"product_cat-andre-spil","6":"product_tag-ordforklaring-2","7":"brand-alias_dk","9":"first","10":"instock","11":"taxable","12":"shipping-taxable","13":"product-type-simple"},"aioseo_notices":[],"_links":{"self":[{"href":"https:\/\/games.tactic.net\/da\/wp-json\/wp\/v2\/product\/121607","targetHints":{"allow":["GET"]}}],"collection":[{"href":"https:\/\/games.tactic.net\/da\/wp-json\/wp\/v2\/product"}],"about":[{"href":"https:\/\/games.tactic.net\/da\/wp-json\/wp\/v2\/types\/product"}],"wp:attachment":[{"href":"https:\/\/games.tactic.net\/da\/wp-json\/wp\/v2\/media?parent=121607"}],"wp:term":[{"taxonomy":"product_brand","embeddable":true,"href":"https:\/\/games.tactic.net\/da\/wp-json\/wp\/v2\/product_brand?post=121607"},{"taxonomy":"product_cat","embeddable":true,"href":"https:\/\/games.tactic.net\/da\/wp-json\/wp\/v2\/product_cat?post=121607"},{"taxonomy":"product_tag","embeddable":true,"href":"https:\/\/games.tactic.net\/da\/wp-json\/wp\/v2\/product_tag?post=121607"},{"taxonomy":"brand","embeddable":true,"href":"https:\/\/games.tactic.net\/da\/wp-json\/wp\/v2\/brand?post=121607"},{"taxonomy":"target-group","embeddable":true,"href":"https:\/\/games.tactic.net\/da\/wp-json\/wp\/v2\/target-group?post=121607"},{"taxonomy":"discontinued","embeddable":true,"href":"https:\/\/games.tactic.net\/da\/wp-json\/wp\/v2\/discontinued?post=121607"}],"curies":[{"name":"wp","href":"https:\/\/api.w.org\/{rel}","templated":true}]}}