{"id":121592,"date":"2021-08-11T12:35:51","date_gmt":"2021-08-11T09:35:51","guid":{"rendered":"http:\/\/dev.tactic.net\/tuote\/original-alias-rejsespil\/"},"modified":"2023-09-27T12:20:02","modified_gmt":"2023-09-27T09:20:02","slug":"original-alias-rejsespil","status":"publish","type":"product","link":"https:\/\/games.tactic.net\/da\/tuote\/original-alias-rejsespil\/","title":{"rendered":"Tactic Alias Original rejsespil"},"content":{"rendered":"<p>Forklar ord for dit hold og n\u00e5 f\u00f8rst i m\u00e5l.<\/p>\n","protected":false},"excerpt":{"rendered":"<p>Forklar ord for dit hold og n\u00e5 f\u00f8rst i m\u00e5l.<\/p>\n","protected":false},"featured_media":0,"template":"","meta":{"content-type":"","_monsterinsights_skip_tracking":false,"_monsterinsights_sitenote_active":false,"_monsterinsights_sitenote_note":"","_monsterinsights_sitenote_category":0},"product_brand":[],"product_cat":[1585],"product_tag":[1204],"brand":[{"id":647,"name":"Alias","slug":"alias_dk"}],"target-group":[],"discontinued":[],"class_list":{"0":"post-121592","1":"product","2":"type-product","3":"status-publish","5":"product_cat-rejsespil-familiespil","6":"product_tag-ordforklaring-2","7":"brand-alias_dk","9":"first","10":"instock","11":"taxable","12":"shipping-taxable","13":"product-type-simple"},"aioseo_notices":[],"_links":{"self":[{"href":"https:\/\/games.tactic.net\/da\/wp-json\/wp\/v2\/product\/121592","targetHints":{"allow":["GET"]}}],"collection":[{"href":"https:\/\/games.tactic.net\/da\/wp-json\/wp\/v2\/product"}],"about":[{"href":"https:\/\/games.tactic.net\/da\/wp-json\/wp\/v2\/types\/product"}],"wp:attachment":[{"href":"https:\/\/games.tactic.net\/da\/wp-json\/wp\/v2\/media?parent=121592"}],"wp:term":[{"taxonomy":"product_brand","embeddable":true,"href":"https:\/\/games.tactic.net\/da\/wp-json\/wp\/v2\/product_brand?post=121592"},{"taxonomy":"product_cat","embeddable":true,"href":"https:\/\/games.tactic.net\/da\/wp-json\/wp\/v2\/product_cat?post=121592"},{"taxonomy":"product_tag","embeddable":true,"href":"https:\/\/games.tactic.net\/da\/wp-json\/wp\/v2\/product_tag?post=121592"},{"taxonomy":"brand","embeddable":true,"href":"https:\/\/games.tactic.net\/da\/wp-json\/wp\/v2\/brand?post=121592"},{"taxonomy":"target-group","embeddable":true,"href":"https:\/\/games.tactic.net\/da\/wp-json\/wp\/v2\/target-group?post=121592"},{"taxonomy":"discontinued","embeddable":true,"href":"https:\/\/games.tactic.net\/da\/wp-json\/wp\/v2\/discontinued?post=121592"}],"curies":[{"name":"wp","href":"https:\/\/api.w.org\/{rel}","templated":true}]}}