{"id":121577,"date":"2021-08-11T12:35:11","date_gmt":"2021-08-11T09:35:11","guid":{"rendered":"http:\/\/dev.tactic.net\/tuote\/boerne-alias-2\/"},"modified":"2023-09-27T12:21:53","modified_gmt":"2023-09-27T09:21:53","slug":"boerne-alias-2","status":"publish","type":"product","link":"https:\/\/games.tactic.net\/da\/tuote\/boerne-alias-2\/","title":{"rendered":"Tactic Alias B\u00f8rne rejsespil"},"content":{"rendered":"<p>Forklar billeder for dit hold og n\u00e5 f\u00f8rst i m\u00e5l.<\/p>\n","protected":false},"excerpt":{"rendered":"<p>Forklar billeder for dit hold og n\u00e5 f\u00f8rst i m\u00e5l. Spillet er genialt enkelt og altid lige underholdende. Du kan sikkert udvide dit ordforr\u00e5d og blive endnu bedre til forklaringer. 50 kort med ord som skal forklares.<\/p>\n","protected":false},"featured_media":0,"template":"","meta":{"content-type":"","_monsterinsights_skip_tracking":false,"_monsterinsights_sitenote_active":false,"_monsterinsights_sitenote_note":"","_monsterinsights_sitenote_category":0},"product_brand":[],"product_cat":[1585,1584],"product_tag":[1204],"brand":[{"id":647,"name":"Alias","slug":"alias_dk"}],"target-group":[],"discontinued":[],"class_list":{"0":"post-121577","1":"product","2":"type-product","3":"status-publish","5":"product_cat-rejsespil-familiespil","6":"product_cat-rejsespil-bornespil","7":"product_tag-ordforklaring-2","8":"brand-alias_dk","10":"first","11":"instock","12":"taxable","13":"shipping-taxable","14":"product-type-simple"},"aioseo_notices":[],"_links":{"self":[{"href":"https:\/\/games.tactic.net\/da\/wp-json\/wp\/v2\/product\/121577","targetHints":{"allow":["GET"]}}],"collection":[{"href":"https:\/\/games.tactic.net\/da\/wp-json\/wp\/v2\/product"}],"about":[{"href":"https:\/\/games.tactic.net\/da\/wp-json\/wp\/v2\/types\/product"}],"wp:attachment":[{"href":"https:\/\/games.tactic.net\/da\/wp-json\/wp\/v2\/media?parent=121577"}],"wp:term":[{"taxonomy":"product_brand","embeddable":true,"href":"https:\/\/games.tactic.net\/da\/wp-json\/wp\/v2\/product_brand?post=121577"},{"taxonomy":"product_cat","embeddable":true,"href":"https:\/\/games.tactic.net\/da\/wp-json\/wp\/v2\/product_cat?post=121577"},{"taxonomy":"product_tag","embeddable":true,"href":"https:\/\/games.tactic.net\/da\/wp-json\/wp\/v2\/product_tag?post=121577"},{"taxonomy":"brand","embeddable":true,"href":"https:\/\/games.tactic.net\/da\/wp-json\/wp\/v2\/brand?post=121577"},{"taxonomy":"target-group","embeddable":true,"href":"https:\/\/games.tactic.net\/da\/wp-json\/wp\/v2\/target-group?post=121577"},{"taxonomy":"discontinued","embeddable":true,"href":"https:\/\/games.tactic.net\/da\/wp-json\/wp\/v2\/discontinued?post=121577"}],"curies":[{"name":"wp","href":"https:\/\/api.w.org\/{rel}","templated":true}]}}