{"id":121562,"date":"2021-08-11T12:34:25","date_gmt":"2021-08-11T09:34:25","guid":{"rendered":"http:\/\/dev.tactic.net\/tuote\/snack-alias-lys-kamera-action\/"},"modified":"2023-10-25T16:20:37","modified_gmt":"2023-10-25T13:20:37","slug":"snack-alias-lys-kamera-action","status":"publish","type":"product","link":"https:\/\/games.tactic.net\/da\/tuote\/snack-alias-lys-kamera-action\/","title":{"rendered":"Tactic Alias Snack Play Lys, kamera, action"},"content":{"rendered":"<p>Lys, kamera, action! Forklar dig gennem den sp\u00e6ndende verden af underholdning og film \u2013 men v\u00e6lg dine ord n\u00f8je! Spilleren, der har tur, forklarer ord til alle de andre spillere, som f\u00e5r et point for hvert rigtigt g\u00e6t.<\/p>\n","protected":false},"excerpt":{"rendered":"<p>Lys, kamera, action! Forklar dig gennem den sp\u00e6ndende verden af underholdning og film \u2013 men v\u00e6lg dine ord n\u00f8je! Spilleren, der har tur, forklarer ord til alle de andre spillere, som f\u00e5r et point for hvert rigtigt g\u00e6t.<\/p>\n","protected":false},"featured_media":0,"template":"","meta":{"content-type":"","_monsterinsights_skip_tracking":false,"_monsterinsights_sitenote_active":false,"_monsterinsights_sitenote_note":"","_monsterinsights_sitenote_category":0},"product_brand":[],"product_cat":[1586,1582],"product_tag":[1204],"brand":[{"id":647,"name":"Alias","slug":"alias_dk"}],"target-group":[],"discontinued":[],"class_list":{"0":"post-121562","1":"product","2":"type-product","3":"status-publish","5":"product_cat-party-spil","6":"product_cat-selskabsspil-voksenspil","7":"product_tag-ordforklaring-2","8":"brand-alias_dk","10":"first","11":"instock","12":"taxable","13":"shipping-taxable","14":"product-type-simple"},"aioseo_notices":[],"_links":{"self":[{"href":"https:\/\/games.tactic.net\/da\/wp-json\/wp\/v2\/product\/121562","targetHints":{"allow":["GET"]}}],"collection":[{"href":"https:\/\/games.tactic.net\/da\/wp-json\/wp\/v2\/product"}],"about":[{"href":"https:\/\/games.tactic.net\/da\/wp-json\/wp\/v2\/types\/product"}],"wp:attachment":[{"href":"https:\/\/games.tactic.net\/da\/wp-json\/wp\/v2\/media?parent=121562"}],"wp:term":[{"taxonomy":"product_brand","embeddable":true,"href":"https:\/\/games.tactic.net\/da\/wp-json\/wp\/v2\/product_brand?post=121562"},{"taxonomy":"product_cat","embeddable":true,"href":"https:\/\/games.tactic.net\/da\/wp-json\/wp\/v2\/product_cat?post=121562"},{"taxonomy":"product_tag","embeddable":true,"href":"https:\/\/games.tactic.net\/da\/wp-json\/wp\/v2\/product_tag?post=121562"},{"taxonomy":"brand","embeddable":true,"href":"https:\/\/games.tactic.net\/da\/wp-json\/wp\/v2\/brand?post=121562"},{"taxonomy":"target-group","embeddable":true,"href":"https:\/\/games.tactic.net\/da\/wp-json\/wp\/v2\/target-group?post=121562"},{"taxonomy":"discontinued","embeddable":true,"href":"https:\/\/games.tactic.net\/da\/wp-json\/wp\/v2\/discontinued?post=121562"}],"curies":[{"name":"wp","href":"https:\/\/api.w.org\/{rel}","templated":true}]}}