{"id":121516,"date":"2021-08-11T12:31:15","date_gmt":"2021-08-11T09:31:15","guid":{"rendered":"http:\/\/dev.tactic.net\/tuote\/snack-alias-scifi\/"},"modified":"2022-03-22T13:39:04","modified_gmt":"2022-03-22T11:39:04","slug":"snack-alias-scifi","status":"archive","type":"product","link":"https:\/\/games.tactic.net\/da\/tuote\/snack-alias-scifi\/","title":{"rendered":"Snack Alias Scifi"},"content":{"rendered":"<div class=\"page\" title=\"Page 16\">\n<div class=\"section\">\n<div class=\"layoutArea\">\n<div class=\"column\">\n<p><span style=\"font-size: 9.000000pt;font-family: 'MyriadPro'\">Hvis du er til science fiction, og du ikke er bange for<br \/>\nat bev\u00e6ge dig hen til steder, hvor ingen har v\u00e6ret f\u00f8r,<br \/>\npasser Sci-fi Alias liges\u00e5 perfekt til dig som den sorte<br \/>\nfarve til Darth Vader. Dette kompakte spil er sp\u00e6kket<br \/>\nmed ord fra ber\u00f8mte sci-fi film, b\u00f8ger m.m. Spillerne<br \/>\nforklarer ord p\u00e5 den s\u00e6dvanlige Alias-m\u00e5de, og alle<br \/>\nhold skal g\u00e6tte samtidigt.<br \/>\n<\/span><\/p>\n<\/p><\/div>\n<\/p><\/div>\n<\/p><\/div>\n<\/p><\/div>\n","protected":false},"excerpt":{"rendered":"<p>Hvis du er til science fiction, og du ikke er bange for at bev\u00e6ge dig hen til steder, hvor ingen har v\u00e6ret f\u00f8r, passer Sci-fi Alias liges\u00e5 perfekt til dig som den sorte farve til Darth Vader. Dette kompakte spil er sp\u00e6kket med ord fra ber\u00f8mte sci-fi film, b\u00f8ger m.m. Spillerne forklarer ord p\u00e5 den [&hellip;]<\/p>\n","protected":false},"featured_media":0,"template":"","meta":{"content-type":"","_monsterinsights_skip_tracking":false,"_monsterinsights_sitenote_active":false,"_monsterinsights_sitenote_note":"","_monsterinsights_sitenote_category":0},"product_brand":[],"product_cat":[1586,1582],"product_tag":[1204],"brand":[{"id":647,"name":"Alias","slug":"alias_dk"}],"target-group":[],"discontinued":[],"class_list":{"0":"post-121516","1":"product","2":"type-product","3":"status-archive","5":"product_cat-party-spil","6":"product_cat-selskabsspil-voksenspil","7":"product_tag-ordforklaring-2","8":"brand-alias_dk","10":"first","11":"outofstock","12":"taxable","13":"shipping-taxable","14":"product-type-simple"},"aioseo_notices":[],"_links":{"self":[{"href":"https:\/\/games.tactic.net\/da\/wp-json\/wp\/v2\/product\/121516","targetHints":{"allow":["GET"]}}],"collection":[{"href":"https:\/\/games.tactic.net\/da\/wp-json\/wp\/v2\/product"}],"about":[{"href":"https:\/\/games.tactic.net\/da\/wp-json\/wp\/v2\/types\/product"}],"wp:attachment":[{"href":"https:\/\/games.tactic.net\/da\/wp-json\/wp\/v2\/media?parent=121516"}],"wp:term":[{"taxonomy":"product_brand","embeddable":true,"href":"https:\/\/games.tactic.net\/da\/wp-json\/wp\/v2\/product_brand?post=121516"},{"taxonomy":"product_cat","embeddable":true,"href":"https:\/\/games.tactic.net\/da\/wp-json\/wp\/v2\/product_cat?post=121516"},{"taxonomy":"product_tag","embeddable":true,"href":"https:\/\/games.tactic.net\/da\/wp-json\/wp\/v2\/product_tag?post=121516"},{"taxonomy":"brand","embeddable":true,"href":"https:\/\/games.tactic.net\/da\/wp-json\/wp\/v2\/brand?post=121516"},{"taxonomy":"target-group","embeddable":true,"href":"https:\/\/games.tactic.net\/da\/wp-json\/wp\/v2\/target-group?post=121516"},{"taxonomy":"discontinued","embeddable":true,"href":"https:\/\/games.tactic.net\/da\/wp-json\/wp\/v2\/discontinued?post=121516"}],"curies":[{"name":"wp","href":"https:\/\/api.w.org\/{rel}","templated":true}]}}