{"id":121500,"date":"2021-08-11T12:29:22","date_gmt":"2021-08-11T09:29:22","guid":{"rendered":"http:\/\/dev.tactic.net\/tuote\/familie-alias\/"},"modified":"2023-10-25T14:05:10","modified_gmt":"2023-10-25T11:05:10","slug":"familie-alias","status":"publish","type":"product","link":"https:\/\/games.tactic.net\/da\/tuote\/familie-alias\/","title":{"rendered":"Tactic Alias Familie"},"content":{"rendered":"<p>Dette alias spil kan spilles af hele familien! Denne version af det elskede Alias har alle ventet p\u00e5 \u2013 det kan nemlig spilles af hele familien. I dette spil spiller hele familien sammen og fors\u00f8ger at sl\u00e5 spillet. En spiller starter med at forklare et ord med andre ord, men de andre m\u00e5 hj\u00e6lpe til s\u00e5 snart de mener, at de ved ordet. Alias.eu<\/p>\n","protected":false},"excerpt":{"rendered":"<p>Dette alias spil kan spilles af hele familien! Denne version af det elskede Alias har alle ventet p\u00e5 \u2013 det kan nemlig spilles af hele familien. I dette spil spiller alle sammen og fors\u00f8ger at sl\u00e5 spillet.<\/p>\n","protected":false},"featured_media":0,"template":"","meta":{"content-type":"","_monsterinsights_skip_tracking":false,"_monsterinsights_sitenote_active":false,"_monsterinsights_sitenote_note":"","_monsterinsights_sitenote_category":0},"product_brand":[],"product_cat":[1455],"product_tag":[1204],"brand":[{"id":647,"name":"Alias","slug":"alias_dk"}],"target-group":[],"discontinued":[],"class_list":{"0":"post-121500","1":"product","2":"type-product","3":"status-publish","5":"product_cat-braetspil","6":"product_tag-ordforklaring-2","7":"brand-alias_dk","9":"first","10":"instock","11":"taxable","12":"shipping-taxable","13":"product-type-simple"},"aioseo_notices":[],"_links":{"self":[{"href":"https:\/\/games.tactic.net\/da\/wp-json\/wp\/v2\/product\/121500","targetHints":{"allow":["GET"]}}],"collection":[{"href":"https:\/\/games.tactic.net\/da\/wp-json\/wp\/v2\/product"}],"about":[{"href":"https:\/\/games.tactic.net\/da\/wp-json\/wp\/v2\/types\/product"}],"wp:attachment":[{"href":"https:\/\/games.tactic.net\/da\/wp-json\/wp\/v2\/media?parent=121500"}],"wp:term":[{"taxonomy":"product_brand","embeddable":true,"href":"https:\/\/games.tactic.net\/da\/wp-json\/wp\/v2\/product_brand?post=121500"},{"taxonomy":"product_cat","embeddable":true,"href":"https:\/\/games.tactic.net\/da\/wp-json\/wp\/v2\/product_cat?post=121500"},{"taxonomy":"product_tag","embeddable":true,"href":"https:\/\/games.tactic.net\/da\/wp-json\/wp\/v2\/product_tag?post=121500"},{"taxonomy":"brand","embeddable":true,"href":"https:\/\/games.tactic.net\/da\/wp-json\/wp\/v2\/brand?post=121500"},{"taxonomy":"target-group","embeddable":true,"href":"https:\/\/games.tactic.net\/da\/wp-json\/wp\/v2\/target-group?post=121500"},{"taxonomy":"discontinued","embeddable":true,"href":"https:\/\/games.tactic.net\/da\/wp-json\/wp\/v2\/discontinued?post=121500"}],"curies":[{"name":"wp","href":"https:\/\/api.w.org\/{rel}","templated":true}]}}