{"id":121342,"date":"2021-08-11T12:23:02","date_gmt":"2021-08-11T09:23:02","guid":{"rendered":"http:\/\/dev.tactic.net\/tuote\/party-alias\/"},"modified":"2023-10-25T15:11:09","modified_gmt":"2023-10-25T12:11:09","slug":"party-alias","status":"publish","type":"product","link":"https:\/\/games.tactic.net\/da\/tuote\/party-alias\/","title":{"rendered":"Tactic Alias Party"},"content":{"rendered":"<p>Party Alias er baseret p\u00e5 det popul\u00e6re originale Alias-spil, men med nye og sk\u00f8re m\u00e5der at forklare p\u00e5 \u2013 og ikke mindst den fysiske og verbale morskab. Du skal m\u00e5ske optr\u00e6de som en vred sergent, en lille julenisse eller et bestemt dyr. Kan du virke overbevisende vred eller optr\u00e6de komplet tosset og stadig f\u00e5 budskabet frem? Forklar ord for dit hold med andre ord som synonymer, antonymer og andre ledetr\u00e5de. Dit hold rykker frem p\u00e5 spillepladen i henhold til antal korrekt g\u00e6ttede ord, og f\u00f8rste hold i m\u00e5l vinder. Party Alias lever virkelig op til sit navn og garanterer en hylende morsom spilaften.<\/p>\n","protected":false},"excerpt":{"rendered":"<p>Party Alias er baseret p\u00e5 det popul\u00e6re originale Alias-spil, men med nye og sk\u00f8re m\u00e5der at forklare p\u00e5 \u2013 og ikke mindst den fysiske og verbale morskab. Du skal m\u00e5ske optr\u00e6de som en vred sergent, en lille julenisse eller et bestemt dyr. Kan du virke overbevisende vred eller optr\u00e6de komplet tosset og stadig f\u00e5 budskabet frem?<\/p>\n","protected":false},"featured_media":0,"template":"","meta":{"content-type":"","_monsterinsights_skip_tracking":false,"_monsterinsights_sitenote_active":false,"_monsterinsights_sitenote_note":"","_monsterinsights_sitenote_category":0},"product_brand":[],"product_cat":[1455,1582],"product_tag":[1204],"brand":[{"id":647,"name":"Alias","slug":"alias_dk"}],"target-group":[],"discontinued":[],"class_list":{"0":"post-121342","1":"product","2":"type-product","3":"status-publish","5":"product_cat-braetspil","6":"product_cat-selskabsspil-voksenspil","7":"product_tag-ordforklaring-2","8":"brand-alias_dk","10":"first","11":"instock","12":"taxable","13":"shipping-taxable","14":"product-type-simple"},"aioseo_notices":[],"_links":{"self":[{"href":"https:\/\/games.tactic.net\/da\/wp-json\/wp\/v2\/product\/121342","targetHints":{"allow":["GET"]}}],"collection":[{"href":"https:\/\/games.tactic.net\/da\/wp-json\/wp\/v2\/product"}],"about":[{"href":"https:\/\/games.tactic.net\/da\/wp-json\/wp\/v2\/types\/product"}],"wp:attachment":[{"href":"https:\/\/games.tactic.net\/da\/wp-json\/wp\/v2\/media?parent=121342"}],"wp:term":[{"taxonomy":"product_brand","embeddable":true,"href":"https:\/\/games.tactic.net\/da\/wp-json\/wp\/v2\/product_brand?post=121342"},{"taxonomy":"product_cat","embeddable":true,"href":"https:\/\/games.tactic.net\/da\/wp-json\/wp\/v2\/product_cat?post=121342"},{"taxonomy":"product_tag","embeddable":true,"href":"https:\/\/games.tactic.net\/da\/wp-json\/wp\/v2\/product_tag?post=121342"},{"taxonomy":"brand","embeddable":true,"href":"https:\/\/games.tactic.net\/da\/wp-json\/wp\/v2\/brand?post=121342"},{"taxonomy":"target-group","embeddable":true,"href":"https:\/\/games.tactic.net\/da\/wp-json\/wp\/v2\/target-group?post=121342"},{"taxonomy":"discontinued","embeddable":true,"href":"https:\/\/games.tactic.net\/da\/wp-json\/wp\/v2\/discontinued?post=121342"}],"curies":[{"name":"wp","href":"https:\/\/api.w.org\/{rel}","templated":true}]}}