{"id":121139,"date":"2021-08-11T12:18:28","date_gmt":"2021-08-11T09:18:28","guid":{"rendered":"http:\/\/dev.tactic.net\/tuote\/yatzy\/"},"modified":"2023-10-25T14:49:17","modified_gmt":"2023-10-25T11:49:17","slug":"yatzy","status":"publish","type":"product","link":"https:\/\/games.tactic.net\/da\/tuote\/yatzy\/","title":{"rendered":"Tactic Yatzy dice game"},"content":{"rendered":"<p>Pr\u00f8v at f\u00e5 s\u00e5 mange kombinationer p\u00e5 yatzyblokken som muligt, s\u00e5 f\u00e5r du flest point ved spillets afslutning.<\/p>\n","protected":false},"excerpt":{"rendered":"<p>Pr\u00f8v at f\u00e5 s\u00e5 mange kombinationer p\u00e5 yatzyblokken som muligt, s\u00e5 f\u00e5r du flest point ved spillets afslutning.<\/p>\n","protected":false},"featured_media":0,"template":"","meta":{"content-type":"","_monsterinsights_skip_tracking":false,"_monsterinsights_sitenote_active":false,"_monsterinsights_sitenote_note":"","_monsterinsights_sitenote_category":0},"product_brand":[],"product_cat":[359,1613],"product_tag":[1241,1002],"brand":[],"target-group":[],"discontinued":[],"class_list":{"0":"post-121139","1":"product","2":"type-product","3":"status-publish","5":"product_cat-kort-og-terningspil","6":"product_cat-terning-og-kortspil","7":"product_tag-beregning-da","8":"product_tag-held","10":"first","11":"outofstock","12":"taxable","13":"shipping-taxable","14":"product-type-simple"},"aioseo_notices":[],"_links":{"self":[{"href":"https:\/\/games.tactic.net\/da\/wp-json\/wp\/v2\/product\/121139","targetHints":{"allow":["GET"]}}],"collection":[{"href":"https:\/\/games.tactic.net\/da\/wp-json\/wp\/v2\/product"}],"about":[{"href":"https:\/\/games.tactic.net\/da\/wp-json\/wp\/v2\/types\/product"}],"wp:attachment":[{"href":"https:\/\/games.tactic.net\/da\/wp-json\/wp\/v2\/media?parent=121139"}],"wp:term":[{"taxonomy":"product_brand","embeddable":true,"href":"https:\/\/games.tactic.net\/da\/wp-json\/wp\/v2\/product_brand?post=121139"},{"taxonomy":"product_cat","embeddable":true,"href":"https:\/\/games.tactic.net\/da\/wp-json\/wp\/v2\/product_cat?post=121139"},{"taxonomy":"product_tag","embeddable":true,"href":"https:\/\/games.tactic.net\/da\/wp-json\/wp\/v2\/product_tag?post=121139"},{"taxonomy":"brand","embeddable":true,"href":"https:\/\/games.tactic.net\/da\/wp-json\/wp\/v2\/brand?post=121139"},{"taxonomy":"target-group","embeddable":true,"href":"https:\/\/games.tactic.net\/da\/wp-json\/wp\/v2\/target-group?post=121139"},{"taxonomy":"discontinued","embeddable":true,"href":"https:\/\/games.tactic.net\/da\/wp-json\/wp\/v2\/discontinued?post=121139"}],"curies":[{"name":"wp","href":"https:\/\/api.w.org\/{rel}","templated":true}]}}