{"id":121081,"date":"2021-08-11T12:17:24","date_gmt":"2021-08-11T09:17:24","guid":{"rendered":"http:\/\/dev.tactic.net\/tuote\/populaere-terningspil\/"},"modified":"2023-10-17T16:46:20","modified_gmt":"2023-10-17T13:46:20","slug":"populaere-terningspil","status":"publish","type":"product","link":"https:\/\/games.tactic.net\/da\/tuote\/populaere-terningspil\/","title":{"rendered":"Tactic Popul\u00e6re terningspil"},"content":{"rendered":"<p>Dette s\u00e6t indeholder alt, hvad du skal bruge for en aften med familie eller venner krydret med sjove terningespil! S\u00e6ttet indeholder regler til 27 forskellige terningespil. Nogle af Spillene er velkendte, mens andre er nye. Tr\u00e6d indenfor i den sp\u00e6ndende verden med terningespil. Alle kan v\u00e6re med, store som sm\u00e5 og alt ligger pakket og klart. Indhold: 6 almindelige terninger. 5 poker terninger, 100 jetoner, 2 blokke og en bog med regler.<\/p>\n","protected":false},"excerpt":{"rendered":"<p>Dette s\u00e6t indeholder alt, hvad du skal bruge for en aften med familie eller venner krydret med sjove terningespil! S\u00e6ttet indeholder regler til 27 forskellige terningespil. Nogle af Spillene er velkendte, mens andre er nye. Tr\u00e6d indenfor i den sp\u00e6ndende verden med terningespil. Alle kan v\u00e6re med, store som sm\u00e5 og alt ligger pakket og klart.<\/p>\n","protected":false},"featured_media":0,"template":"","meta":{"content-type":"","_monsterinsights_skip_tracking":false,"_monsterinsights_sitenote_active":false,"_monsterinsights_sitenote_note":"","_monsterinsights_sitenote_category":0},"product_brand":[],"product_cat":[359,1613],"product_tag":[1201,1250,1002,994],"brand":[],"target-group":[],"discontinued":[],"class_list":{"0":"post-121081","1":"product","2":"type-product","3":"status-publish","5":"product_cat-kort-og-terningspil","6":"product_cat-terning-og-kortspil","7":"product_tag-alene","8":"product_tag-faerdighed-da","9":"product_tag-held","10":"product_tag-sammen","12":"first","13":"instock","14":"taxable","15":"shipping-taxable","16":"product-type-simple"},"aioseo_notices":[],"_links":{"self":[{"href":"https:\/\/games.tactic.net\/da\/wp-json\/wp\/v2\/product\/121081","targetHints":{"allow":["GET"]}}],"collection":[{"href":"https:\/\/games.tactic.net\/da\/wp-json\/wp\/v2\/product"}],"about":[{"href":"https:\/\/games.tactic.net\/da\/wp-json\/wp\/v2\/types\/product"}],"wp:attachment":[{"href":"https:\/\/games.tactic.net\/da\/wp-json\/wp\/v2\/media?parent=121081"}],"wp:term":[{"taxonomy":"product_brand","embeddable":true,"href":"https:\/\/games.tactic.net\/da\/wp-json\/wp\/v2\/product_brand?post=121081"},{"taxonomy":"product_cat","embeddable":true,"href":"https:\/\/games.tactic.net\/da\/wp-json\/wp\/v2\/product_cat?post=121081"},{"taxonomy":"product_tag","embeddable":true,"href":"https:\/\/games.tactic.net\/da\/wp-json\/wp\/v2\/product_tag?post=121081"},{"taxonomy":"brand","embeddable":true,"href":"https:\/\/games.tactic.net\/da\/wp-json\/wp\/v2\/brand?post=121081"},{"taxonomy":"target-group","embeddable":true,"href":"https:\/\/games.tactic.net\/da\/wp-json\/wp\/v2\/target-group?post=121081"},{"taxonomy":"discontinued","embeddable":true,"href":"https:\/\/games.tactic.net\/da\/wp-json\/wp\/v2\/discontinued?post=121081"}],"curies":[{"name":"wp","href":"https:\/\/api.w.org\/{rel}","templated":true}]}}