{"id":121023,"date":"2021-08-11T12:15:50","date_gmt":"2021-08-11T09:15:50","guid":{"rendered":"http:\/\/dev.tactic.net\/tuote\/yatzy-med-traeterninger\/"},"modified":"2023-10-25T16:33:32","modified_gmt":"2023-10-25T13:33:32","slug":"yatzy-med-traeterninger","status":"publish","type":"product","link":"https:\/\/games.tactic.net\/da\/tuote\/yatzy-med-traeterninger\/","title":{"rendered":"Tactic Yatzy med tr\u00e6terninger"},"content":{"rendered":"<p>Det popul\u00e6re og vanedannende Yatzy er et must for enhver, der elsker spil. Dette kompakte Yatzyspil i tr\u00e6 er af h\u00f8j kvalitet hele vejen igennem. Kast de forskellige terningkombinationer og pr\u00f8v at f\u00e5 flest point.<\/p>\n","protected":false},"excerpt":{"rendered":"<p>Det popul\u00e6re og vanedannende Yatzy er et must for enhver, der elsker spil. Dette kompakte Yatzyspil i tr\u00e6 er af h\u00f8j kvalitet hele vejen igennem. Kast de forskellige terningkombinationer og pr\u00f8v at f\u00e5 flest point.<\/p>\n","protected":false},"featured_media":0,"template":"","meta":{"content-type":"","_monsterinsights_skip_tracking":false,"_monsterinsights_sitenote_active":false,"_monsterinsights_sitenote_note":"","_monsterinsights_sitenote_category":0},"product_brand":[],"product_cat":[359,1613],"product_tag":[1241,1002],"brand":[],"target-group":[],"discontinued":[],"class_list":{"0":"post-121023","1":"product","2":"type-product","3":"status-publish","5":"product_cat-kort-og-terningspil","6":"product_cat-terning-og-kortspil","7":"product_tag-beregning-da","8":"product_tag-held","10":"first","11":"instock","12":"taxable","13":"shipping-taxable","14":"product-type-simple"},"aioseo_notices":[],"_links":{"self":[{"href":"https:\/\/games.tactic.net\/da\/wp-json\/wp\/v2\/product\/121023","targetHints":{"allow":["GET"]}}],"collection":[{"href":"https:\/\/games.tactic.net\/da\/wp-json\/wp\/v2\/product"}],"about":[{"href":"https:\/\/games.tactic.net\/da\/wp-json\/wp\/v2\/types\/product"}],"wp:attachment":[{"href":"https:\/\/games.tactic.net\/da\/wp-json\/wp\/v2\/media?parent=121023"}],"wp:term":[{"taxonomy":"product_brand","embeddable":true,"href":"https:\/\/games.tactic.net\/da\/wp-json\/wp\/v2\/product_brand?post=121023"},{"taxonomy":"product_cat","embeddable":true,"href":"https:\/\/games.tactic.net\/da\/wp-json\/wp\/v2\/product_cat?post=121023"},{"taxonomy":"product_tag","embeddable":true,"href":"https:\/\/games.tactic.net\/da\/wp-json\/wp\/v2\/product_tag?post=121023"},{"taxonomy":"brand","embeddable":true,"href":"https:\/\/games.tactic.net\/da\/wp-json\/wp\/v2\/brand?post=121023"},{"taxonomy":"target-group","embeddable":true,"href":"https:\/\/games.tactic.net\/da\/wp-json\/wp\/v2\/target-group?post=121023"},{"taxonomy":"discontinued","embeddable":true,"href":"https:\/\/games.tactic.net\/da\/wp-json\/wp\/v2\/discontinued?post=121023"}],"curies":[{"name":"wp","href":"https:\/\/api.w.org\/{rel}","templated":true}]}}