{"id":120980,"date":"2021-08-11T12:14:17","date_gmt":"2021-08-11T09:14:17","guid":{"rendered":"http:\/\/dev.tactic.net\/tuote\/rainbow-yatzy\/"},"modified":"2023-10-25T16:21:45","modified_gmt":"2023-10-25T13:21:45","slug":"rainbow-yatzy","status":"publish","type":"product","link":"https:\/\/games.tactic.net\/da\/tuote\/rainbow-yatzy\/","title":{"rendered":"Tactic Rainbow Yatzy dice game"},"content":{"rendered":"<p>Et klassisk terningspil med masser af farver. Kast terningerne p\u00e5 regnbuen og pr\u00f8v at matche farverne for at vinde kort p\u00e5 bordet. Desto flere kort du vinder, jo h\u00f8jere bliver din score. Men v\u00e6r forsigtig, s\u00e5 du ikke hj\u00e6lper den n\u00e6ste spiller\u2026<\/p>\n","protected":false},"excerpt":{"rendered":"<p>Et klassisk terningspil med masser af farver. Kast terningerne p\u00e5 regnbuen og pr\u00f8v at matche farverne for at vinde kort p\u00e5 bordet. Desto flere kort du vinder, jo h\u00f8jere bliver din score. Men v\u00e6r forsigtig, s\u00e5 du ikke hj\u00e6lper den n\u00e6ste spiller\u2026<\/p>\n","protected":false},"featured_media":0,"template":"","meta":{"content-type":"","_monsterinsights_skip_tracking":false,"_monsterinsights_sitenote_active":false,"_monsterinsights_sitenote_note":"","_monsterinsights_sitenote_category":0},"product_brand":[],"product_cat":[359,1613],"product_tag":[1002,1237],"brand":[],"target-group":[],"discontinued":[],"class_list":{"0":"post-120980","1":"product","2":"type-product","3":"status-publish","5":"product_cat-kort-og-terningspil","6":"product_cat-terning-og-kortspil","7":"product_tag-held","8":"product_tag-strategi-da","10":"first","11":"instock","12":"taxable","13":"shipping-taxable","14":"product-type-simple"},"aioseo_notices":[],"_links":{"self":[{"href":"https:\/\/games.tactic.net\/da\/wp-json\/wp\/v2\/product\/120980","targetHints":{"allow":["GET"]}}],"collection":[{"href":"https:\/\/games.tactic.net\/da\/wp-json\/wp\/v2\/product"}],"about":[{"href":"https:\/\/games.tactic.net\/da\/wp-json\/wp\/v2\/types\/product"}],"wp:attachment":[{"href":"https:\/\/games.tactic.net\/da\/wp-json\/wp\/v2\/media?parent=120980"}],"wp:term":[{"taxonomy":"product_brand","embeddable":true,"href":"https:\/\/games.tactic.net\/da\/wp-json\/wp\/v2\/product_brand?post=120980"},{"taxonomy":"product_cat","embeddable":true,"href":"https:\/\/games.tactic.net\/da\/wp-json\/wp\/v2\/product_cat?post=120980"},{"taxonomy":"product_tag","embeddable":true,"href":"https:\/\/games.tactic.net\/da\/wp-json\/wp\/v2\/product_tag?post=120980"},{"taxonomy":"brand","embeddable":true,"href":"https:\/\/games.tactic.net\/da\/wp-json\/wp\/v2\/brand?post=120980"},{"taxonomy":"target-group","embeddable":true,"href":"https:\/\/games.tactic.net\/da\/wp-json\/wp\/v2\/target-group?post=120980"},{"taxonomy":"discontinued","embeddable":true,"href":"https:\/\/games.tactic.net\/da\/wp-json\/wp\/v2\/discontinued?post=120980"}],"curies":[{"name":"wp","href":"https:\/\/api.w.org\/{rel}","templated":true}]}}